 {"id":20954,"date":"2024-12-16T22:08:29","date_gmt":"2024-12-16T21:08:29","guid":{"rendered":"https:\/\/education.dhis2.org\/apoyo-a-la-implementacion-de-hisp\/"},"modified":"2024-12-16T22:08:33","modified_gmt":"2024-12-16T21:08:33","slug":"hisp-support","status":"publish","type":"page","link":"https:\/\/education.dhis2.org\/es\/implementation\/hisp-support\/","title":{"rendered":"Apoyo a la implementaci\u00f3n de HISP"},"content":{"rendered":"","protected":false},"excerpt":{"rendered":"<p class=\"lead\">Los grupos HISP aportan su experiencia en la configuraci\u00f3n, implementaci\u00f3n y desarrollo de capacidades de DHIS2, sobre la base de relaciones a largo plazo con las partes interesadas locales.<\/p>\n","protected":false},"author":18,"featured_media":19695,"parent":20956,"menu_order":0,"comment_status":"closed","ping_status":"closed","template":"","meta":{"_acf_changed":false,"inline_featured_image":false,"footnotes":""},"class_list":["post-20954","page","type-page","status-publish","has-post-thumbnail","hentry"],"acf":[],"yoast_head":"<!-- This site is optimized with the Yoast SEO plugin v27.4 - https:\/\/yoast.com\/product\/yoast-seo-wordpress\/ -->\n<title>Apoyo a la implementaci\u00f3n de HISP - DHIS2<\/title>\n<meta name=\"description\" content=\"Los grupos HISP son consultores y proveedores de servicios inform\u00e1ticos y de software nacionales y regionales con conocimientos especializados en la configuraci\u00f3n, implementaci\u00f3n y gesti\u00f3n de sistemas y servidores DHIS2. Los grupos HISP son miembros de una red mundial coordinada por el Centro HISP de la Universidad de Oslo (UiO).\" \/>\n<meta name=\"robots\" content=\"index, follow, max-snippet:-1, max-image-preview:large, max-video-preview:-1\" \/>\n<link rel=\"canonical\" href=\"https:\/\/education.dhis2.org\/es\/implementation\/hisp-support\/\" \/>\n<meta property=\"og:locale\" content=\"es_ES\" \/>\n<meta property=\"og:type\" content=\"article\" \/>\n<meta property=\"og:title\" content=\"Apoyo a la implementaci\u00f3n de HISP - DHIS2\" \/>\n<meta property=\"og:description\" content=\"Los grupos HISP son consultores y proveedores de servicios inform\u00e1ticos y de software nacionales y regionales con conocimientos especializados en la configuraci\u00f3n, implementaci\u00f3n y gesti\u00f3n de sistemas y servidores DHIS2. Los grupos HISP son miembros de una red mundial coordinada por el Centro HISP de la Universidad de Oslo (UiO).\" \/>\n<meta property=\"og:url\" content=\"https:\/\/education.dhis2.org\/es\/implementation\/hisp-support\/\" \/>\n<meta property=\"og:site_name\" content=\"DHIS2\" \/>\n<meta property=\"article:modified_time\" content=\"2024-12-16T21:08:33+00:00\" \/>\n<meta property=\"og:image\" content=\"https:\/\/education.dhis2.org\/wp-content\/uploads\/Screenshot-2024-11-12-at-10.32.53\u202fAM-1280x689.png\" \/>\n\t<meta property=\"og:image:width\" content=\"1280\" \/>\n\t<meta property=\"og:image:height\" content=\"689\" \/>\n\t<meta property=\"og:image:type\" content=\"image\/png\" \/>\n<meta name=\"twitter:card\" content=\"summary_large_image\" \/>\n<script type=\"application\/ld+json\" class=\"yoast-schema-graph\">{\"@context\":\"https:\\\/\\\/schema.org\",\"@graph\":[{\"@type\":\"WebPage\",\"@id\":\"https:\\\/\\\/education.dhis2.org\\\/es\\\/implementation\\\/hisp-support\\\/\",\"url\":\"https:\\\/\\\/education.dhis2.org\\\/es\\\/implementation\\\/hisp-support\\\/\",\"name\":\"Apoyo a la implementaci\u00f3n de HISP - DHIS2\",\"isPartOf\":{\"@id\":\"https:\\\/\\\/education.dhis2.org\\\/es\\\/#website\"},\"primaryImageOfPage\":{\"@id\":\"https:\\\/\\\/education.dhis2.org\\\/es\\\/implementation\\\/hisp-support\\\/#primaryimage\"},\"image\":{\"@id\":\"https:\\\/\\\/education.dhis2.org\\\/es\\\/implementation\\\/hisp-support\\\/#primaryimage\"},\"thumbnailUrl\":\"https:\\\/\\\/education.dhis2.org\\\/wp-content\\\/uploads\\\/Screenshot-2024-11-12-at-10.32.53\u202fAM.png\",\"datePublished\":\"2024-12-16T21:08:29+00:00\",\"dateModified\":\"2024-12-16T21:08:33+00:00\",\"description\":\"Los grupos HISP son consultores y proveedores de servicios inform\u00e1ticos y de software nacionales y regionales con conocimientos especializados en la configuraci\u00f3n, implementaci\u00f3n y gesti\u00f3n de sistemas y servidores DHIS2. Los grupos HISP son miembros de una red mundial coordinada por el Centro HISP de la Universidad de Oslo (UiO).\",\"breadcrumb\":{\"@id\":\"https:\\\/\\\/education.dhis2.org\\\/es\\\/implementation\\\/hisp-support\\\/#breadcrumb\"},\"inLanguage\":\"es\",\"potentialAction\":[{\"@type\":\"ReadAction\",\"target\":[\"https:\\\/\\\/education.dhis2.org\\\/es\\\/implementation\\\/hisp-support\\\/\"]}]},{\"@type\":\"ImageObject\",\"inLanguage\":\"es\",\"@id\":\"https:\\\/\\\/education.dhis2.org\\\/es\\\/implementation\\\/hisp-support\\\/#primaryimage\",\"url\":\"https:\\\/\\\/education.dhis2.org\\\/wp-content\\\/uploads\\\/Screenshot-2024-11-12-at-10.32.53\u202fAM.png\",\"contentUrl\":\"https:\\\/\\\/education.dhis2.org\\\/wp-content\\\/uploads\\\/Screenshot-2024-11-12-at-10.32.53\u202fAM.png\",\"width\":1620,\"height\":872},{\"@type\":\"BreadcrumbList\",\"@id\":\"https:\\\/\\\/education.dhis2.org\\\/es\\\/implementation\\\/hisp-support\\\/#breadcrumb\",\"itemListElement\":[{\"@type\":\"ListItem\",\"position\":1,\"name\":\"Hjem\",\"item\":\"https:\\\/\\\/education.dhis2.org\\\/es\\\/\"},{\"@type\":\"ListItem\",\"position\":2,\"name\":\"Apoyo a la implementaci\u00f3n de HISP\"}]},{\"@type\":\"WebSite\",\"@id\":\"https:\\\/\\\/education.dhis2.org\\\/es\\\/#website\",\"url\":\"https:\\\/\\\/education.dhis2.org\\\/es\\\/\",\"name\":\"DHIS2\",\"description\":\"\",\"publisher\":{\"@id\":\"https:\\\/\\\/education.dhis2.org\\\/es\\\/#organization\"},\"potentialAction\":[{\"@type\":\"SearchAction\",\"target\":{\"@type\":\"EntryPoint\",\"urlTemplate\":\"https:\\\/\\\/education.dhis2.org\\\/es\\\/?s={search_term_string}\"},\"query-input\":{\"@type\":\"PropertyValueSpecification\",\"valueRequired\":true,\"valueName\":\"search_term_string\"}}],\"inLanguage\":\"es\"},{\"@type\":\"Organization\",\"@id\":\"https:\\\/\\\/education.dhis2.org\\\/es\\\/#organization\",\"name\":\"DHIS2\",\"url\":\"https:\\\/\\\/education.dhis2.org\\\/es\\\/\",\"logo\":{\"@type\":\"ImageObject\",\"inLanguage\":\"es\",\"@id\":\"https:\\\/\\\/education.dhis2.org\\\/es\\\/#\\\/schema\\\/logo\\\/image\\\/\",\"url\":\"https:\\\/\\\/education.dhis2.org\\\/wp-content\\\/uploads\\\/logo.svg\",\"contentUrl\":\"https:\\\/\\\/education.dhis2.org\\\/wp-content\\\/uploads\\\/logo.svg\",\"caption\":\"DHIS2\"},\"image\":{\"@id\":\"https:\\\/\\\/education.dhis2.org\\\/es\\\/#\\\/schema\\\/logo\\\/image\\\/\"}}]}<\/script>\n<!-- \/ Yoast SEO plugin. -->","yoast_head_json":{"title":"Apoyo a la implementaci\u00f3n de HISP - DHIS2","description":"Los grupos HISP son consultores y proveedores de servicios inform\u00e1ticos y de software nacionales y regionales con conocimientos especializados en la configuraci\u00f3n, implementaci\u00f3n y gesti\u00f3n de sistemas y servidores DHIS2. Los grupos HISP son miembros de una red mundial coordinada por el Centro HISP de la Universidad de Oslo (UiO).","robots":{"index":"index","follow":"follow","max-snippet":"max-snippet:-1","max-image-preview":"max-image-preview:large","max-video-preview":"max-video-preview:-1"},"canonical":"https:\/\/education.dhis2.org\/es\/implementation\/hisp-support\/","og_locale":"es_ES","og_type":"article","og_title":"Apoyo a la implementaci\u00f3n de HISP - DHIS2","og_description":"Los grupos HISP son consultores y proveedores de servicios inform\u00e1ticos y de software nacionales y regionales con conocimientos especializados en la configuraci\u00f3n, implementaci\u00f3n y gesti\u00f3n de sistemas y servidores DHIS2. Los grupos HISP son miembros de una red mundial coordinada por el Centro HISP de la Universidad de Oslo (UiO).","og_url":"https:\/\/education.dhis2.org\/es\/implementation\/hisp-support\/","og_site_name":"DHIS2","article_modified_time":"2024-12-16T21:08:33+00:00","og_image":[{"width":1280,"height":689,"url":"https:\/\/education.dhis2.org\/wp-content\/uploads\/Screenshot-2024-11-12-at-10.32.53\u202fAM-1280x689.png","type":"image\/png"}],"twitter_card":"summary_large_image","schema":{"@context":"https:\/\/schema.org","@graph":[{"@type":"WebPage","@id":"https:\/\/education.dhis2.org\/es\/implementation\/hisp-support\/","url":"https:\/\/education.dhis2.org\/es\/implementation\/hisp-support\/","name":"Apoyo a la implementaci\u00f3n de HISP - DHIS2","isPartOf":{"@id":"https:\/\/education.dhis2.org\/es\/#website"},"primaryImageOfPage":{"@id":"https:\/\/education.dhis2.org\/es\/implementation\/hisp-support\/#primaryimage"},"image":{"@id":"https:\/\/education.dhis2.org\/es\/implementation\/hisp-support\/#primaryimage"},"thumbnailUrl":"https:\/\/education.dhis2.org\/wp-content\/uploads\/Screenshot-2024-11-12-at-10.32.53\u202fAM.png","datePublished":"2024-12-16T21:08:29+00:00","dateModified":"2024-12-16T21:08:33+00:00","description":"Los grupos HISP son consultores y proveedores de servicios inform\u00e1ticos y de software nacionales y regionales con conocimientos especializados en la configuraci\u00f3n, implementaci\u00f3n y gesti\u00f3n de sistemas y servidores DHIS2. Los grupos HISP son miembros de una red mundial coordinada por el Centro HISP de la Universidad de Oslo (UiO).","breadcrumb":{"@id":"https:\/\/education.dhis2.org\/es\/implementation\/hisp-support\/#breadcrumb"},"inLanguage":"es","potentialAction":[{"@type":"ReadAction","target":["https:\/\/education.dhis2.org\/es\/implementation\/hisp-support\/"]}]},{"@type":"ImageObject","inLanguage":"es","@id":"https:\/\/education.dhis2.org\/es\/implementation\/hisp-support\/#primaryimage","url":"https:\/\/education.dhis2.org\/wp-content\/uploads\/Screenshot-2024-11-12-at-10.32.53\u202fAM.png","contentUrl":"https:\/\/education.dhis2.org\/wp-content\/uploads\/Screenshot-2024-11-12-at-10.32.53\u202fAM.png","width":1620,"height":872},{"@type":"BreadcrumbList","@id":"https:\/\/education.dhis2.org\/es\/implementation\/hisp-support\/#breadcrumb","itemListElement":[{"@type":"ListItem","position":1,"name":"Hjem","item":"https:\/\/education.dhis2.org\/es\/"},{"@type":"ListItem","position":2,"name":"Apoyo a la implementaci\u00f3n de HISP"}]},{"@type":"WebSite","@id":"https:\/\/education.dhis2.org\/es\/#website","url":"https:\/\/education.dhis2.org\/es\/","name":"DHIS2","description":"","publisher":{"@id":"https:\/\/education.dhis2.org\/es\/#organization"},"potentialAction":[{"@type":"SearchAction","target":{"@type":"EntryPoint","urlTemplate":"https:\/\/education.dhis2.org\/es\/?s={search_term_string}"},"query-input":{"@type":"PropertyValueSpecification","valueRequired":true,"valueName":"search_term_string"}}],"inLanguage":"es"},{"@type":"Organization","@id":"https:\/\/education.dhis2.org\/es\/#organization","name":"DHIS2","url":"https:\/\/education.dhis2.org\/es\/","logo":{"@type":"ImageObject","inLanguage":"es","@id":"https:\/\/education.dhis2.org\/es\/#\/schema\/logo\/image\/","url":"https:\/\/education.dhis2.org\/wp-content\/uploads\/logo.svg","contentUrl":"https:\/\/education.dhis2.org\/wp-content\/uploads\/logo.svg","caption":"DHIS2"},"image":{"@id":"https:\/\/education.dhis2.org\/es\/#\/schema\/logo\/image\/"}}]}},"_links":{"self":[{"href":"https:\/\/education.dhis2.org\/es\/wp-json\/wp\/v2\/pages\/20954","targetHints":{"allow":["GET"]}}],"collection":[{"href":"https:\/\/education.dhis2.org\/es\/wp-json\/wp\/v2\/pages"}],"about":[{"href":"https:\/\/education.dhis2.org\/es\/wp-json\/wp\/v2\/types\/page"}],"author":[{"embeddable":true,"href":"https:\/\/education.dhis2.org\/es\/wp-json\/wp\/v2\/users\/18"}],"replies":[{"embeddable":true,"href":"https:\/\/education.dhis2.org\/es\/wp-json\/wp\/v2\/comments?post=20954"}],"version-history":[{"count":1,"href":"https:\/\/education.dhis2.org\/es\/wp-json\/wp\/v2\/pages\/20954\/revisions"}],"predecessor-version":[{"id":20966,"href":"https:\/\/education.dhis2.org\/es\/wp-json\/wp\/v2\/pages\/20954\/revisions\/20966"}],"up":[{"embeddable":true,"href":"https:\/\/education.dhis2.org\/es\/wp-json\/wp\/v2\/pages\/20956"}],"wp:featuredmedia":[{"embeddable":true,"href":"https:\/\/education.dhis2.org\/es\/wp-json\/wp\/v2\/media\/19695"}],"wp:attachment":[{"href":"https:\/\/education.dhis2.org\/es\/wp-json\/wp\/v2\/media?parent=20954"}],"curies":[{"name":"wp","href":"https:\/\/api.w.org\/{rel}","templated":true}]}}