 {"id":20980,"date":"2024-12-16T22:09:11","date_gmt":"2024-12-16T21:09:11","guid":{"rendered":"https:\/\/education.dhis2.org\/soluciones\/alumnos-personal-y-direccion-de-la-escuela\/"},"modified":"2024-12-16T22:09:11","modified_gmt":"2024-12-16T21:09:11","slug":"student-staff-school","status":"publish","type":"page","link":"https:\/\/education.dhis2.org\/es\/solutions\/student-staff-school\/","title":{"rendered":"Alumnos, personal y direcci\u00f3n de la escuela"},"content":{"rendered":"","protected":false},"excerpt":{"rendered":"<p class=\"lead\">SEMIS ayuda a los pa\u00edses a mejorar la planificaci\u00f3n e impartici\u00f3n de la educaci\u00f3n con un conjunto de herramientas especialmente dise\u00f1adas para los datos de los alumnos y el personal a nivel individual.<\/p>\n","protected":false},"author":1,"featured_media":19324,"parent":20978,"menu_order":0,"comment_status":"closed","ping_status":"closed","template":"","meta":{"_acf_changed":false,"inline_featured_image":false,"footnotes":""},"class_list":["post-20980","page","type-page","status-publish","has-post-thumbnail","hentry"],"acf":[],"yoast_head":"<!-- This site is optimized with the Yoast SEO plugin v27.3 - https:\/\/yoast.com\/product\/yoast-seo-wordpress\/ -->\n<title>Alumnos, personal y direcci\u00f3n de la escuela - DHIS2<\/title>\n<meta name=\"description\" content=\"SEMIS es una aplicaci\u00f3n gratuita y de c\u00f3digo abierto para estudiantes, personal y escuelas, desarrollada en colaboraci\u00f3n con los Ministerios de Educaci\u00f3n de los pa\u00edses del Sur. Se dise\u00f1\u00f3 con y para que los pa\u00edses cumplieran los requisitos b\u00e1sicos de inscripci\u00f3n y gesti\u00f3n de alumnos y personal.\" \/>\n<meta name=\"robots\" content=\"index, follow, max-snippet:-1, max-image-preview:large, max-video-preview:-1\" \/>\n<link rel=\"canonical\" href=\"https:\/\/education.dhis2.org\/es\/solutions\/student-staff-school\/\" \/>\n<meta property=\"og:locale\" content=\"es_ES\" \/>\n<meta property=\"og:type\" content=\"article\" \/>\n<meta property=\"og:title\" content=\"Alumnos, personal y direcci\u00f3n de la escuela - DHIS2\" \/>\n<meta property=\"og:description\" content=\"SEMIS es una aplicaci\u00f3n gratuita y de c\u00f3digo abierto para estudiantes, personal y escuelas, desarrollada en colaboraci\u00f3n con los Ministerios de Educaci\u00f3n de los pa\u00edses del Sur. Se dise\u00f1\u00f3 con y para que los pa\u00edses cumplieran los requisitos b\u00e1sicos de inscripci\u00f3n y gesti\u00f3n de alumnos y personal.\" \/>\n<meta property=\"og:url\" content=\"https:\/\/education.dhis2.org\/es\/solutions\/student-staff-school\/\" \/>\n<meta property=\"og:site_name\" content=\"DHIS2\" \/>\n<meta property=\"og:image\" content=\"https:\/\/education.dhis2.org\/wp-content\/uploads\/SEMIS-comp-2-1280x989.png\" \/>\n\t<meta property=\"og:image:width\" content=\"1280\" \/>\n\t<meta property=\"og:image:height\" content=\"989\" \/>\n\t<meta property=\"og:image:type\" content=\"image\/png\" \/>\n<meta name=\"twitter:card\" content=\"summary_large_image\" \/>\n<script type=\"application\/ld+json\" class=\"yoast-schema-graph\">{\"@context\":\"https:\\\/\\\/schema.org\",\"@graph\":[{\"@type\":\"WebPage\",\"@id\":\"https:\\\/\\\/education.dhis2.org\\\/es\\\/solutions\\\/student-staff-school\\\/\",\"url\":\"https:\\\/\\\/education.dhis2.org\\\/es\\\/solutions\\\/student-staff-school\\\/\",\"name\":\"Alumnos, personal y direcci\u00f3n de la escuela - DHIS2\",\"isPartOf\":{\"@id\":\"https:\\\/\\\/education.dhis2.org\\\/es\\\/#website\"},\"primaryImageOfPage\":{\"@id\":\"https:\\\/\\\/education.dhis2.org\\\/es\\\/solutions\\\/student-staff-school\\\/#primaryimage\"},\"image\":{\"@id\":\"https:\\\/\\\/education.dhis2.org\\\/es\\\/solutions\\\/student-staff-school\\\/#primaryimage\"},\"thumbnailUrl\":\"https:\\\/\\\/education.dhis2.org\\\/wp-content\\\/uploads\\\/SEMIS-comp-2.png\",\"datePublished\":\"2024-12-16T21:09:11+00:00\",\"description\":\"SEMIS es una aplicaci\u00f3n gratuita y de c\u00f3digo abierto para estudiantes, personal y escuelas, desarrollada en colaboraci\u00f3n con los Ministerios de Educaci\u00f3n de los pa\u00edses del Sur. Se dise\u00f1\u00f3 con y para que los pa\u00edses cumplieran los requisitos b\u00e1sicos de inscripci\u00f3n y gesti\u00f3n de alumnos y personal.\",\"breadcrumb\":{\"@id\":\"https:\\\/\\\/education.dhis2.org\\\/es\\\/solutions\\\/student-staff-school\\\/#breadcrumb\"},\"inLanguage\":\"es\",\"potentialAction\":[{\"@type\":\"ReadAction\",\"target\":[\"https:\\\/\\\/education.dhis2.org\\\/es\\\/solutions\\\/student-staff-school\\\/\"]}]},{\"@type\":\"ImageObject\",\"inLanguage\":\"es\",\"@id\":\"https:\\\/\\\/education.dhis2.org\\\/es\\\/solutions\\\/student-staff-school\\\/#primaryimage\",\"url\":\"https:\\\/\\\/education.dhis2.org\\\/wp-content\\\/uploads\\\/SEMIS-comp-2.png\",\"contentUrl\":\"https:\\\/\\\/education.dhis2.org\\\/wp-content\\\/uploads\\\/SEMIS-comp-2.png\",\"width\":3300,\"height\":2550},{\"@type\":\"BreadcrumbList\",\"@id\":\"https:\\\/\\\/education.dhis2.org\\\/es\\\/solutions\\\/student-staff-school\\\/#breadcrumb\",\"itemListElement\":[{\"@type\":\"ListItem\",\"position\":1,\"name\":\"Hjem\",\"item\":\"https:\\\/\\\/education.dhis2.org\\\/es\\\/\"},{\"@type\":\"ListItem\",\"position\":2,\"name\":\"Soluciones\",\"item\":\"https:\\\/\\\/education.dhis2.org\\\/es\\\/solutions\\\/\"},{\"@type\":\"ListItem\",\"position\":3,\"name\":\"Alumnos, personal y direcci\u00f3n de la escuela\"}]},{\"@type\":\"WebSite\",\"@id\":\"https:\\\/\\\/education.dhis2.org\\\/es\\\/#website\",\"url\":\"https:\\\/\\\/education.dhis2.org\\\/es\\\/\",\"name\":\"DHIS2\",\"description\":\"\",\"publisher\":{\"@id\":\"https:\\\/\\\/education.dhis2.org\\\/es\\\/#organization\"},\"potentialAction\":[{\"@type\":\"SearchAction\",\"target\":{\"@type\":\"EntryPoint\",\"urlTemplate\":\"https:\\\/\\\/education.dhis2.org\\\/es\\\/?s={search_term_string}\"},\"query-input\":{\"@type\":\"PropertyValueSpecification\",\"valueRequired\":true,\"valueName\":\"search_term_string\"}}],\"inLanguage\":\"es\"},{\"@type\":\"Organization\",\"@id\":\"https:\\\/\\\/education.dhis2.org\\\/es\\\/#organization\",\"name\":\"DHIS2\",\"url\":\"https:\\\/\\\/education.dhis2.org\\\/es\\\/\",\"logo\":{\"@type\":\"ImageObject\",\"inLanguage\":\"es\",\"@id\":\"https:\\\/\\\/education.dhis2.org\\\/es\\\/#\\\/schema\\\/logo\\\/image\\\/\",\"url\":\"https:\\\/\\\/education.dhis2.org\\\/wp-content\\\/uploads\\\/logo.svg\",\"contentUrl\":\"https:\\\/\\\/education.dhis2.org\\\/wp-content\\\/uploads\\\/logo.svg\",\"caption\":\"DHIS2\"},\"image\":{\"@id\":\"https:\\\/\\\/education.dhis2.org\\\/es\\\/#\\\/schema\\\/logo\\\/image\\\/\"}}]}<\/script>\n<!-- \/ Yoast SEO plugin. -->","yoast_head_json":{"title":"Alumnos, personal y direcci\u00f3n de la escuela - DHIS2","description":"SEMIS es una aplicaci\u00f3n gratuita y de c\u00f3digo abierto para estudiantes, personal y escuelas, desarrollada en colaboraci\u00f3n con los Ministerios de Educaci\u00f3n de los pa\u00edses del Sur. Se dise\u00f1\u00f3 con y para que los pa\u00edses cumplieran los requisitos b\u00e1sicos de inscripci\u00f3n y gesti\u00f3n de alumnos y personal.","robots":{"index":"index","follow":"follow","max-snippet":"max-snippet:-1","max-image-preview":"max-image-preview:large","max-video-preview":"max-video-preview:-1"},"canonical":"https:\/\/education.dhis2.org\/es\/solutions\/student-staff-school\/","og_locale":"es_ES","og_type":"article","og_title":"Alumnos, personal y direcci\u00f3n de la escuela - DHIS2","og_description":"SEMIS es una aplicaci\u00f3n gratuita y de c\u00f3digo abierto para estudiantes, personal y escuelas, desarrollada en colaboraci\u00f3n con los Ministerios de Educaci\u00f3n de los pa\u00edses del Sur. Se dise\u00f1\u00f3 con y para que los pa\u00edses cumplieran los requisitos b\u00e1sicos de inscripci\u00f3n y gesti\u00f3n de alumnos y personal.","og_url":"https:\/\/education.dhis2.org\/es\/solutions\/student-staff-school\/","og_site_name":"DHIS2","og_image":[{"width":1280,"height":989,"url":"https:\/\/education.dhis2.org\/wp-content\/uploads\/SEMIS-comp-2-1280x989.png","type":"image\/png"}],"twitter_card":"summary_large_image","schema":{"@context":"https:\/\/schema.org","@graph":[{"@type":"WebPage","@id":"https:\/\/education.dhis2.org\/es\/solutions\/student-staff-school\/","url":"https:\/\/education.dhis2.org\/es\/solutions\/student-staff-school\/","name":"Alumnos, personal y direcci\u00f3n de la escuela - DHIS2","isPartOf":{"@id":"https:\/\/education.dhis2.org\/es\/#website"},"primaryImageOfPage":{"@id":"https:\/\/education.dhis2.org\/es\/solutions\/student-staff-school\/#primaryimage"},"image":{"@id":"https:\/\/education.dhis2.org\/es\/solutions\/student-staff-school\/#primaryimage"},"thumbnailUrl":"https:\/\/education.dhis2.org\/wp-content\/uploads\/SEMIS-comp-2.png","datePublished":"2024-12-16T21:09:11+00:00","description":"SEMIS es una aplicaci\u00f3n gratuita y de c\u00f3digo abierto para estudiantes, personal y escuelas, desarrollada en colaboraci\u00f3n con los Ministerios de Educaci\u00f3n de los pa\u00edses del Sur. Se dise\u00f1\u00f3 con y para que los pa\u00edses cumplieran los requisitos b\u00e1sicos de inscripci\u00f3n y gesti\u00f3n de alumnos y personal.","breadcrumb":{"@id":"https:\/\/education.dhis2.org\/es\/solutions\/student-staff-school\/#breadcrumb"},"inLanguage":"es","potentialAction":[{"@type":"ReadAction","target":["https:\/\/education.dhis2.org\/es\/solutions\/student-staff-school\/"]}]},{"@type":"ImageObject","inLanguage":"es","@id":"https:\/\/education.dhis2.org\/es\/solutions\/student-staff-school\/#primaryimage","url":"https:\/\/education.dhis2.org\/wp-content\/uploads\/SEMIS-comp-2.png","contentUrl":"https:\/\/education.dhis2.org\/wp-content\/uploads\/SEMIS-comp-2.png","width":3300,"height":2550},{"@type":"BreadcrumbList","@id":"https:\/\/education.dhis2.org\/es\/solutions\/student-staff-school\/#breadcrumb","itemListElement":[{"@type":"ListItem","position":1,"name":"Hjem","item":"https:\/\/education.dhis2.org\/es\/"},{"@type":"ListItem","position":2,"name":"Soluciones","item":"https:\/\/education.dhis2.org\/es\/solutions\/"},{"@type":"ListItem","position":3,"name":"Alumnos, personal y direcci\u00f3n de la escuela"}]},{"@type":"WebSite","@id":"https:\/\/education.dhis2.org\/es\/#website","url":"https:\/\/education.dhis2.org\/es\/","name":"DHIS2","description":"","publisher":{"@id":"https:\/\/education.dhis2.org\/es\/#organization"},"potentialAction":[{"@type":"SearchAction","target":{"@type":"EntryPoint","urlTemplate":"https:\/\/education.dhis2.org\/es\/?s={search_term_string}"},"query-input":{"@type":"PropertyValueSpecification","valueRequired":true,"valueName":"search_term_string"}}],"inLanguage":"es"},{"@type":"Organization","@id":"https:\/\/education.dhis2.org\/es\/#organization","name":"DHIS2","url":"https:\/\/education.dhis2.org\/es\/","logo":{"@type":"ImageObject","inLanguage":"es","@id":"https:\/\/education.dhis2.org\/es\/#\/schema\/logo\/image\/","url":"https:\/\/education.dhis2.org\/wp-content\/uploads\/logo.svg","contentUrl":"https:\/\/education.dhis2.org\/wp-content\/uploads\/logo.svg","caption":"DHIS2"},"image":{"@id":"https:\/\/education.dhis2.org\/es\/#\/schema\/logo\/image\/"}}]}},"_links":{"self":[{"href":"https:\/\/education.dhis2.org\/es\/wp-json\/wp\/v2\/pages\/20980","targetHints":{"allow":["GET"]}}],"collection":[{"href":"https:\/\/education.dhis2.org\/es\/wp-json\/wp\/v2\/pages"}],"about":[{"href":"https:\/\/education.dhis2.org\/es\/wp-json\/wp\/v2\/types\/page"}],"author":[{"embeddable":true,"href":"https:\/\/education.dhis2.org\/es\/wp-json\/wp\/v2\/users\/1"}],"replies":[{"embeddable":true,"href":"https:\/\/education.dhis2.org\/es\/wp-json\/wp\/v2\/comments?post=20980"}],"version-history":[{"count":0,"href":"https:\/\/education.dhis2.org\/es\/wp-json\/wp\/v2\/pages\/20980\/revisions"}],"up":[{"embeddable":true,"href":"https:\/\/education.dhis2.org\/es\/wp-json\/wp\/v2\/pages\/20978"}],"wp:featuredmedia":[{"embeddable":true,"href":"https:\/\/education.dhis2.org\/es\/wp-json\/wp\/v2\/media\/19324"}],"wp:attachment":[{"href":"https:\/\/education.dhis2.org\/es\/wp-json\/wp\/v2\/media?parent=20980"}],"curies":[{"name":"wp","href":"https:\/\/api.w.org\/{rel}","templated":true}]}}