 {"id":20601,"date":"2024-11-19T13:18:50","date_gmt":"2024-11-19T12:18:50","guid":{"rendered":"https:\/\/dhis2edu.dev.kodeks.no\/implementation\/soutien-a-la-mise-en-oevre-du-psis\/"},"modified":"2024-11-19T13:18:50","modified_gmt":"2024-11-19T12:18:50","slug":"hisp-support","status":"publish","type":"page","link":"https:\/\/education.dhis2.org\/fr\/implementation\/hisp-support\/","title":{"rendered":"Soutien \u00e0 la mise-en-\u0153vre du PSIS"},"content":{"rendered":"","protected":false},"excerpt":{"rendered":"<p class=\"lead\">Les groupes HISP apportent leur expertise en mati\u00e8re de param\u00e9trage de DHIS2, de mise-en-\u0153vre et de renforcement des capacit\u00e9s, en s&rsquo;appuyant sur des relations \u00e0 long terme avec les acteurs concern\u00e9s.<\/p>\n","protected":false},"author":18,"featured_media":19693,"parent":20729,"menu_order":0,"comment_status":"closed","ping_status":"closed","template":"","meta":{"_acf_changed":false,"inline_featured_image":false,"footnotes":""},"class_list":["post-20601","page","type-page","status-publish","has-post-thumbnail","hentry"],"acf":[],"yoast_head":"<!-- This site is optimized with the Yoast SEO plugin v27.3 - https:\/\/yoast.com\/product\/yoast-seo-wordpress\/ -->\n<title>Soutien \u00e0 la mise-en-\u0153vre du PSIS - DHIS2<\/title>\n<meta name=\"description\" content=\"Les groupes HISP sont des consultants nationaux et r\u00e9gionaux en logiciels et en technologies de l&#039;information, ainsi que des prestataires de services sp\u00e9cialis\u00e9s dans le param\u00e9trage, la mise-en-\u0153vre et la gestion des syst\u00e8mes et des serveurs DHIS2. Les groupes HISP sont membres d&#039;un r\u00e9seau mondial coordonn\u00e9 par le site Centre HISP de l\u2019universit\u00e9 d\u2019Oslo (UiO).\" \/>\n<meta name=\"robots\" content=\"index, follow, max-snippet:-1, max-image-preview:large, max-video-preview:-1\" \/>\n<link rel=\"canonical\" href=\"https:\/\/education.dhis2.org\/fr\/implementation\/hisp-support\/\" \/>\n<meta property=\"og:locale\" content=\"fr_FR\" \/>\n<meta property=\"og:type\" content=\"article\" \/>\n<meta property=\"og:title\" content=\"Soutien \u00e0 la mise-en-\u0153vre du PSIS - DHIS2\" \/>\n<meta property=\"og:description\" content=\"Les groupes HISP sont des consultants nationaux et r\u00e9gionaux en logiciels et en technologies de l&#039;information, ainsi que des prestataires de services sp\u00e9cialis\u00e9s dans le param\u00e9trage, la mise-en-\u0153vre et la gestion des syst\u00e8mes et des serveurs DHIS2. Les groupes HISP sont membres d&#039;un r\u00e9seau mondial coordonn\u00e9 par le site Centre HISP de l\u2019universit\u00e9 d\u2019Oslo (UiO).\" \/>\n<meta property=\"og:url\" content=\"https:\/\/education.dhis2.org\/fr\/implementation\/hisp-support\/\" \/>\n<meta property=\"og:site_name\" content=\"DHIS2\" \/>\n<meta property=\"og:image\" content=\"https:\/\/education.dhis2.org\/wp-content\/uploads\/Screenshot-2024-11-12-at-10.32.53\u202fAM-1280x689.png\" \/>\n\t<meta property=\"og:image:width\" content=\"1280\" \/>\n\t<meta property=\"og:image:height\" content=\"689\" \/>\n\t<meta property=\"og:image:type\" content=\"image\/png\" \/>\n<meta name=\"twitter:card\" content=\"summary_large_image\" \/>\n<script type=\"application\/ld+json\" class=\"yoast-schema-graph\">{\"@context\":\"https:\\\/\\\/schema.org\",\"@graph\":[{\"@type\":\"WebPage\",\"@id\":\"https:\\\/\\\/education.dhis2.org\\\/fr\\\/implementation\\\/hisp-support\\\/\",\"url\":\"https:\\\/\\\/education.dhis2.org\\\/fr\\\/implementation\\\/hisp-support\\\/\",\"name\":\"Soutien \u00e0 la mise-en-\u0153vre du PSIS - DHIS2\",\"isPartOf\":{\"@id\":\"https:\\\/\\\/education.dhis2.org\\\/fr\\\/#website\"},\"primaryImageOfPage\":{\"@id\":\"https:\\\/\\\/education.dhis2.org\\\/fr\\\/implementation\\\/hisp-support\\\/#primaryimage\"},\"image\":{\"@id\":\"https:\\\/\\\/education.dhis2.org\\\/fr\\\/implementation\\\/hisp-support\\\/#primaryimage\"},\"thumbnailUrl\":\"https:\\\/\\\/education.dhis2.org\\\/wp-content\\\/uploads\\\/Screenshot-2024-11-12-at-10.32.53\u202fAM.png\",\"datePublished\":\"2024-11-19T12:18:50+00:00\",\"description\":\"Les groupes HISP sont des consultants nationaux et r\u00e9gionaux en logiciels et en technologies de l'information, ainsi que des prestataires de services sp\u00e9cialis\u00e9s dans le param\u00e9trage, la mise-en-\u0153vre et la gestion des syst\u00e8mes et des serveurs DHIS2. Les groupes HISP sont membres d'un r\u00e9seau mondial coordonn\u00e9 par le site Centre HISP de l\u2019universit\u00e9 d\u2019Oslo (UiO).\",\"breadcrumb\":{\"@id\":\"https:\\\/\\\/education.dhis2.org\\\/fr\\\/implementation\\\/hisp-support\\\/#breadcrumb\"},\"inLanguage\":\"fr-FR\",\"potentialAction\":[{\"@type\":\"ReadAction\",\"target\":[\"https:\\\/\\\/education.dhis2.org\\\/fr\\\/implementation\\\/hisp-support\\\/\"]}]},{\"@type\":\"ImageObject\",\"inLanguage\":\"fr-FR\",\"@id\":\"https:\\\/\\\/education.dhis2.org\\\/fr\\\/implementation\\\/hisp-support\\\/#primaryimage\",\"url\":\"https:\\\/\\\/education.dhis2.org\\\/wp-content\\\/uploads\\\/Screenshot-2024-11-12-at-10.32.53\u202fAM.png\",\"contentUrl\":\"https:\\\/\\\/education.dhis2.org\\\/wp-content\\\/uploads\\\/Screenshot-2024-11-12-at-10.32.53\u202fAM.png\",\"width\":1620,\"height\":872},{\"@type\":\"BreadcrumbList\",\"@id\":\"https:\\\/\\\/education.dhis2.org\\\/fr\\\/implementation\\\/hisp-support\\\/#breadcrumb\",\"itemListElement\":[{\"@type\":\"ListItem\",\"position\":1,\"name\":\"Hjem\",\"item\":\"https:\\\/\\\/education.dhis2.org\\\/fr\\\/\"},{\"@type\":\"ListItem\",\"position\":2,\"name\":\"Soutien \u00e0 la mise-en-\u0153vre du PSIS\"}]},{\"@type\":\"WebSite\",\"@id\":\"https:\\\/\\\/education.dhis2.org\\\/fr\\\/#website\",\"url\":\"https:\\\/\\\/education.dhis2.org\\\/fr\\\/\",\"name\":\"DHIS2\",\"description\":\"\",\"publisher\":{\"@id\":\"https:\\\/\\\/education.dhis2.org\\\/fr\\\/#organization\"},\"potentialAction\":[{\"@type\":\"SearchAction\",\"target\":{\"@type\":\"EntryPoint\",\"urlTemplate\":\"https:\\\/\\\/education.dhis2.org\\\/fr\\\/?s={search_term_string}\"},\"query-input\":{\"@type\":\"PropertyValueSpecification\",\"valueRequired\":true,\"valueName\":\"search_term_string\"}}],\"inLanguage\":\"fr-FR\"},{\"@type\":\"Organization\",\"@id\":\"https:\\\/\\\/education.dhis2.org\\\/fr\\\/#organization\",\"name\":\"DHIS2\",\"url\":\"https:\\\/\\\/education.dhis2.org\\\/fr\\\/\",\"logo\":{\"@type\":\"ImageObject\",\"inLanguage\":\"fr-FR\",\"@id\":\"https:\\\/\\\/education.dhis2.org\\\/fr\\\/#\\\/schema\\\/logo\\\/image\\\/\",\"url\":\"https:\\\/\\\/education.dhis2.org\\\/wp-content\\\/uploads\\\/logo.svg\",\"contentUrl\":\"https:\\\/\\\/education.dhis2.org\\\/wp-content\\\/uploads\\\/logo.svg\",\"caption\":\"DHIS2\"},\"image\":{\"@id\":\"https:\\\/\\\/education.dhis2.org\\\/fr\\\/#\\\/schema\\\/logo\\\/image\\\/\"}}]}<\/script>\n<!-- \/ Yoast SEO plugin. -->","yoast_head_json":{"title":"Soutien \u00e0 la mise-en-\u0153vre du PSIS - DHIS2","description":"Les groupes HISP sont des consultants nationaux et r\u00e9gionaux en logiciels et en technologies de l'information, ainsi que des prestataires de services sp\u00e9cialis\u00e9s dans le param\u00e9trage, la mise-en-\u0153vre et la gestion des syst\u00e8mes et des serveurs DHIS2. Les groupes HISP sont membres d'un r\u00e9seau mondial coordonn\u00e9 par le site Centre HISP de l\u2019universit\u00e9 d\u2019Oslo (UiO).","robots":{"index":"index","follow":"follow","max-snippet":"max-snippet:-1","max-image-preview":"max-image-preview:large","max-video-preview":"max-video-preview:-1"},"canonical":"https:\/\/education.dhis2.org\/fr\/implementation\/hisp-support\/","og_locale":"fr_FR","og_type":"article","og_title":"Soutien \u00e0 la mise-en-\u0153vre du PSIS - DHIS2","og_description":"Les groupes HISP sont des consultants nationaux et r\u00e9gionaux en logiciels et en technologies de l'information, ainsi que des prestataires de services sp\u00e9cialis\u00e9s dans le param\u00e9trage, la mise-en-\u0153vre et la gestion des syst\u00e8mes et des serveurs DHIS2. Les groupes HISP sont membres d'un r\u00e9seau mondial coordonn\u00e9 par le site Centre HISP de l\u2019universit\u00e9 d\u2019Oslo (UiO).","og_url":"https:\/\/education.dhis2.org\/fr\/implementation\/hisp-support\/","og_site_name":"DHIS2","og_image":[{"width":1280,"height":689,"url":"https:\/\/education.dhis2.org\/wp-content\/uploads\/Screenshot-2024-11-12-at-10.32.53\u202fAM-1280x689.png","type":"image\/png"}],"twitter_card":"summary_large_image","schema":{"@context":"https:\/\/schema.org","@graph":[{"@type":"WebPage","@id":"https:\/\/education.dhis2.org\/fr\/implementation\/hisp-support\/","url":"https:\/\/education.dhis2.org\/fr\/implementation\/hisp-support\/","name":"Soutien \u00e0 la mise-en-\u0153vre du PSIS - DHIS2","isPartOf":{"@id":"https:\/\/education.dhis2.org\/fr\/#website"},"primaryImageOfPage":{"@id":"https:\/\/education.dhis2.org\/fr\/implementation\/hisp-support\/#primaryimage"},"image":{"@id":"https:\/\/education.dhis2.org\/fr\/implementation\/hisp-support\/#primaryimage"},"thumbnailUrl":"https:\/\/education.dhis2.org\/wp-content\/uploads\/Screenshot-2024-11-12-at-10.32.53\u202fAM.png","datePublished":"2024-11-19T12:18:50+00:00","description":"Les groupes HISP sont des consultants nationaux et r\u00e9gionaux en logiciels et en technologies de l'information, ainsi que des prestataires de services sp\u00e9cialis\u00e9s dans le param\u00e9trage, la mise-en-\u0153vre et la gestion des syst\u00e8mes et des serveurs DHIS2. Les groupes HISP sont membres d'un r\u00e9seau mondial coordonn\u00e9 par le site Centre HISP de l\u2019universit\u00e9 d\u2019Oslo (UiO).","breadcrumb":{"@id":"https:\/\/education.dhis2.org\/fr\/implementation\/hisp-support\/#breadcrumb"},"inLanguage":"fr-FR","potentialAction":[{"@type":"ReadAction","target":["https:\/\/education.dhis2.org\/fr\/implementation\/hisp-support\/"]}]},{"@type":"ImageObject","inLanguage":"fr-FR","@id":"https:\/\/education.dhis2.org\/fr\/implementation\/hisp-support\/#primaryimage","url":"https:\/\/education.dhis2.org\/wp-content\/uploads\/Screenshot-2024-11-12-at-10.32.53\u202fAM.png","contentUrl":"https:\/\/education.dhis2.org\/wp-content\/uploads\/Screenshot-2024-11-12-at-10.32.53\u202fAM.png","width":1620,"height":872},{"@type":"BreadcrumbList","@id":"https:\/\/education.dhis2.org\/fr\/implementation\/hisp-support\/#breadcrumb","itemListElement":[{"@type":"ListItem","position":1,"name":"Hjem","item":"https:\/\/education.dhis2.org\/fr\/"},{"@type":"ListItem","position":2,"name":"Soutien \u00e0 la mise-en-\u0153vre du PSIS"}]},{"@type":"WebSite","@id":"https:\/\/education.dhis2.org\/fr\/#website","url":"https:\/\/education.dhis2.org\/fr\/","name":"DHIS2","description":"","publisher":{"@id":"https:\/\/education.dhis2.org\/fr\/#organization"},"potentialAction":[{"@type":"SearchAction","target":{"@type":"EntryPoint","urlTemplate":"https:\/\/education.dhis2.org\/fr\/?s={search_term_string}"},"query-input":{"@type":"PropertyValueSpecification","valueRequired":true,"valueName":"search_term_string"}}],"inLanguage":"fr-FR"},{"@type":"Organization","@id":"https:\/\/education.dhis2.org\/fr\/#organization","name":"DHIS2","url":"https:\/\/education.dhis2.org\/fr\/","logo":{"@type":"ImageObject","inLanguage":"fr-FR","@id":"https:\/\/education.dhis2.org\/fr\/#\/schema\/logo\/image\/","url":"https:\/\/education.dhis2.org\/wp-content\/uploads\/logo.svg","contentUrl":"https:\/\/education.dhis2.org\/wp-content\/uploads\/logo.svg","caption":"DHIS2"},"image":{"@id":"https:\/\/education.dhis2.org\/fr\/#\/schema\/logo\/image\/"}}]}},"_links":{"self":[{"href":"https:\/\/education.dhis2.org\/fr\/wp-json\/wp\/v2\/pages\/20601","targetHints":{"allow":["GET"]}}],"collection":[{"href":"https:\/\/education.dhis2.org\/fr\/wp-json\/wp\/v2\/pages"}],"about":[{"href":"https:\/\/education.dhis2.org\/fr\/wp-json\/wp\/v2\/types\/page"}],"author":[{"embeddable":true,"href":"https:\/\/education.dhis2.org\/fr\/wp-json\/wp\/v2\/users\/18"}],"replies":[{"embeddable":true,"href":"https:\/\/education.dhis2.org\/fr\/wp-json\/wp\/v2\/comments?post=20601"}],"version-history":[{"count":0,"href":"https:\/\/education.dhis2.org\/fr\/wp-json\/wp\/v2\/pages\/20601\/revisions"}],"up":[{"embeddable":true,"href":"https:\/\/education.dhis2.org\/fr\/wp-json\/wp\/v2\/pages\/20729"}],"wp:featuredmedia":[{"embeddable":true,"href":"https:\/\/education.dhis2.org\/fr\/wp-json\/wp\/v2\/media\/19693"}],"wp:attachment":[{"href":"https:\/\/education.dhis2.org\/fr\/wp-json\/wp\/v2\/media?parent=20601"}],"curies":[{"name":"wp","href":"https:\/\/api.w.org\/{rel}","templated":true}]}}