 {"id":20616,"date":"2024-11-19T13:30:33","date_gmt":"2024-11-19T12:30:33","guid":{"rendered":"https:\/\/dhis2edu.dev.kodeks.no\/recherche-action\/"},"modified":"2024-12-12T10:38:39","modified_gmt":"2024-12-12T09:38:39","slug":"research","status":"publish","type":"page","link":"https:\/\/education.dhis2.org\/fr\/our-approach\/research\/","title":{"rendered":"Recherche-action"},"content":{"rendered":"","protected":false},"excerpt":{"rendered":"<p class=\"lead\">Le projet de recherche sur l&rsquo;utillisation des donn\u00e9es de l&rsquo;\u00e9ducation \u00e0 l&rsquo;Universit\u00e9 d&rsquo;Oslo suit les mises-en-\u0153vre du DHIS2 et se concentre sur l&rsquo;am\u00e9lioration de l&rsquo;utilisation des donn\u00e9es \u00e0 tous les niveaux des syst\u00e8mes \u00e9ducatifs nationaux.  <\/p>\n","protected":false},"author":18,"featured_media":0,"parent":20617,"menu_order":0,"comment_status":"closed","ping_status":"closed","template":"","meta":{"_acf_changed":false,"inline_featured_image":false,"footnotes":""},"class_list":["post-20616","page","type-page","status-publish","hentry"],"acf":[],"yoast_head":"<!-- This site is optimized with the Yoast SEO plugin v27.2 - https:\/\/yoast.com\/product\/yoast-seo-wordpress\/ -->\n<title>Recherche-action - DHIS2<\/title>\n<meta name=\"robots\" content=\"index, follow, max-snippet:-1, max-image-preview:large, max-video-preview:-1\" \/>\n<link rel=\"canonical\" href=\"https:\/\/education.dhis2.org\/fr\/our-approach\/research\/\" \/>\n<meta property=\"og:locale\" content=\"fr_FR\" \/>\n<meta property=\"og:type\" content=\"article\" \/>\n<meta property=\"og:title\" content=\"Recherche-action - DHIS2\" \/>\n<meta property=\"og:description\" content=\"Le projet de recherche sur l&#039;utillisation des donn\u00e9es de l&#039;\u00e9ducation \u00e0 l&#039;Universit\u00e9 d&#039;Oslo suit les mises-en-\u0153vre du DHIS2 et se concentre sur l&#039;am\u00e9lioration de l&#039;utilisation des donn\u00e9es \u00e0 tous les niveaux des syst\u00e8mes \u00e9ducatifs nationaux.\" \/>\n<meta property=\"og:url\" content=\"https:\/\/education.dhis2.org\/fr\/our-approach\/research\/\" \/>\n<meta property=\"og:site_name\" content=\"DHIS2\" \/>\n<meta property=\"article:modified_time\" content=\"2024-12-12T09:38:39+00:00\" \/>\n<meta name=\"twitter:card\" content=\"summary_large_image\" \/>\n<script type=\"application\/ld+json\" class=\"yoast-schema-graph\">{\"@context\":\"https:\/\/schema.org\",\"@graph\":[{\"@type\":\"WebPage\",\"@id\":\"https:\/\/education.dhis2.org\/fr\/our-approach\/research\/\",\"url\":\"https:\/\/education.dhis2.org\/fr\/our-approach\/research\/\",\"name\":\"Recherche-action - DHIS2\",\"isPartOf\":{\"@id\":\"https:\/\/education.dhis2.org\/fr\/#website\"},\"datePublished\":\"2024-11-19T12:30:33+00:00\",\"dateModified\":\"2024-12-12T09:38:39+00:00\",\"breadcrumb\":{\"@id\":\"https:\/\/education.dhis2.org\/fr\/our-approach\/research\/#breadcrumb\"},\"inLanguage\":\"fr-FR\",\"potentialAction\":[{\"@type\":\"ReadAction\",\"target\":[\"https:\/\/education.dhis2.org\/fr\/our-approach\/research\/\"]}]},{\"@type\":\"BreadcrumbList\",\"@id\":\"https:\/\/education.dhis2.org\/fr\/our-approach\/research\/#breadcrumb\",\"itemListElement\":[{\"@type\":\"ListItem\",\"position\":1,\"name\":\"Hjem\",\"item\":\"https:\/\/education.dhis2.org\/fr\/\"},{\"@type\":\"ListItem\",\"position\":2,\"name\":\"Notre approche\",\"item\":\"https:\/\/education.dhis2.org\/fr\/notre-approche\/\"},{\"@type\":\"ListItem\",\"position\":3,\"name\":\"Recherche-action\"}]},{\"@type\":\"WebSite\",\"@id\":\"https:\/\/education.dhis2.org\/fr\/#website\",\"url\":\"https:\/\/education.dhis2.org\/fr\/\",\"name\":\"DHIS2\",\"description\":\"\",\"publisher\":{\"@id\":\"https:\/\/education.dhis2.org\/fr\/#organization\"},\"potentialAction\":[{\"@type\":\"SearchAction\",\"target\":{\"@type\":\"EntryPoint\",\"urlTemplate\":\"https:\/\/education.dhis2.org\/fr\/?s={search_term_string}\"},\"query-input\":{\"@type\":\"PropertyValueSpecification\",\"valueRequired\":true,\"valueName\":\"search_term_string\"}}],\"inLanguage\":\"fr-FR\"},{\"@type\":\"Organization\",\"@id\":\"https:\/\/education.dhis2.org\/fr\/#organization\",\"name\":\"DHIS2\",\"url\":\"https:\/\/education.dhis2.org\/fr\/\",\"logo\":{\"@type\":\"ImageObject\",\"inLanguage\":\"fr-FR\",\"@id\":\"https:\/\/education.dhis2.org\/fr\/#\/schema\/logo\/image\/\",\"url\":\"https:\/\/education.dhis2.org\/wp-content\/uploads\/logo.svg\",\"contentUrl\":\"https:\/\/education.dhis2.org\/wp-content\/uploads\/logo.svg\",\"caption\":\"DHIS2\"},\"image\":{\"@id\":\"https:\/\/education.dhis2.org\/fr\/#\/schema\/logo\/image\/\"}}]}<\/script>\n<!-- \/ Yoast SEO plugin. -->","yoast_head_json":{"title":"Recherche-action - DHIS2","robots":{"index":"index","follow":"follow","max-snippet":"max-snippet:-1","max-image-preview":"max-image-preview:large","max-video-preview":"max-video-preview:-1"},"canonical":"https:\/\/education.dhis2.org\/fr\/our-approach\/research\/","og_locale":"fr_FR","og_type":"article","og_title":"Recherche-action - DHIS2","og_description":"Le projet de recherche sur l'utillisation des donn\u00e9es de l'\u00e9ducation \u00e0 l'Universit\u00e9 d'Oslo suit les mises-en-\u0153vre du DHIS2 et se concentre sur l'am\u00e9lioration de l'utilisation des donn\u00e9es \u00e0 tous les niveaux des syst\u00e8mes \u00e9ducatifs nationaux.","og_url":"https:\/\/education.dhis2.org\/fr\/our-approach\/research\/","og_site_name":"DHIS2","article_modified_time":"2024-12-12T09:38:39+00:00","twitter_card":"summary_large_image","schema":{"@context":"https:\/\/schema.org","@graph":[{"@type":"WebPage","@id":"https:\/\/education.dhis2.org\/fr\/our-approach\/research\/","url":"https:\/\/education.dhis2.org\/fr\/our-approach\/research\/","name":"Recherche-action - DHIS2","isPartOf":{"@id":"https:\/\/education.dhis2.org\/fr\/#website"},"datePublished":"2024-11-19T12:30:33+00:00","dateModified":"2024-12-12T09:38:39+00:00","breadcrumb":{"@id":"https:\/\/education.dhis2.org\/fr\/our-approach\/research\/#breadcrumb"},"inLanguage":"fr-FR","potentialAction":[{"@type":"ReadAction","target":["https:\/\/education.dhis2.org\/fr\/our-approach\/research\/"]}]},{"@type":"BreadcrumbList","@id":"https:\/\/education.dhis2.org\/fr\/our-approach\/research\/#breadcrumb","itemListElement":[{"@type":"ListItem","position":1,"name":"Hjem","item":"https:\/\/education.dhis2.org\/fr\/"},{"@type":"ListItem","position":2,"name":"Notre approche","item":"https:\/\/education.dhis2.org\/fr\/notre-approche\/"},{"@type":"ListItem","position":3,"name":"Recherche-action"}]},{"@type":"WebSite","@id":"https:\/\/education.dhis2.org\/fr\/#website","url":"https:\/\/education.dhis2.org\/fr\/","name":"DHIS2","description":"","publisher":{"@id":"https:\/\/education.dhis2.org\/fr\/#organization"},"potentialAction":[{"@type":"SearchAction","target":{"@type":"EntryPoint","urlTemplate":"https:\/\/education.dhis2.org\/fr\/?s={search_term_string}"},"query-input":{"@type":"PropertyValueSpecification","valueRequired":true,"valueName":"search_term_string"}}],"inLanguage":"fr-FR"},{"@type":"Organization","@id":"https:\/\/education.dhis2.org\/fr\/#organization","name":"DHIS2","url":"https:\/\/education.dhis2.org\/fr\/","logo":{"@type":"ImageObject","inLanguage":"fr-FR","@id":"https:\/\/education.dhis2.org\/fr\/#\/schema\/logo\/image\/","url":"https:\/\/education.dhis2.org\/wp-content\/uploads\/logo.svg","contentUrl":"https:\/\/education.dhis2.org\/wp-content\/uploads\/logo.svg","caption":"DHIS2"},"image":{"@id":"https:\/\/education.dhis2.org\/fr\/#\/schema\/logo\/image\/"}}]}},"_links":{"self":[{"href":"https:\/\/education.dhis2.org\/fr\/wp-json\/wp\/v2\/pages\/20616","targetHints":{"allow":["GET"]}}],"collection":[{"href":"https:\/\/education.dhis2.org\/fr\/wp-json\/wp\/v2\/pages"}],"about":[{"href":"https:\/\/education.dhis2.org\/fr\/wp-json\/wp\/v2\/types\/page"}],"author":[{"embeddable":true,"href":"https:\/\/education.dhis2.org\/fr\/wp-json\/wp\/v2\/users\/18"}],"replies":[{"embeddable":true,"href":"https:\/\/education.dhis2.org\/fr\/wp-json\/wp\/v2\/comments?post=20616"}],"version-history":[{"count":1,"href":"https:\/\/education.dhis2.org\/fr\/wp-json\/wp\/v2\/pages\/20616\/revisions"}],"predecessor-version":[{"id":20618,"href":"https:\/\/education.dhis2.org\/fr\/wp-json\/wp\/v2\/pages\/20616\/revisions\/20618"}],"up":[{"embeddable":true,"href":"https:\/\/education.dhis2.org\/fr\/wp-json\/wp\/v2\/pages\/20617"}],"wp:attachment":[{"href":"https:\/\/education.dhis2.org\/fr\/wp-json\/wp\/v2\/media?parent=20616"}],"curies":[{"name":"wp","href":"https:\/\/api.w.org\/{rel}","templated":true}]}}