 {"id":20617,"date":"2024-11-19T13:30:35","date_gmt":"2024-11-19T12:30:35","guid":{"rendered":"https:\/\/dhis2edu.dev.kodeks.no\/notre-approche\/"},"modified":"2024-11-19T13:30:35","modified_gmt":"2024-11-19T12:30:35","slug":"our-approach","status":"publish","type":"page","link":"https:\/\/education.dhis2.org\/fr\/our-approach\/","title":{"rendered":"Notre approche"},"content":{"rendered":"","protected":false},"excerpt":{"rendered":"<p class=\"lead\">Le r\u00e9seau HISP a plus de 30 ans d&rsquo;exp\u00e9rience dans la fourniture d&rsquo;un soutien local pour la conception, la mise en \u0153uvre, la maintenance et l&rsquo;adaptation de syst\u00e8mes d&rsquo;information innovants et durables appartenant \u00e0 des collectivit\u00e9s locales &#8211; \u00e0 l&rsquo;\u00e9chelle mondiale.<\/p>\n","protected":false},"author":1,"featured_media":0,"parent":0,"menu_order":0,"comment_status":"closed","ping_status":"closed","template":"","meta":{"_acf_changed":false,"inline_featured_image":false,"footnotes":""},"class_list":["post-20617","page","type-page","status-publish","hentry"],"acf":[],"yoast_head":"<!-- This site is optimized with the Yoast SEO plugin v27.3 - https:\/\/yoast.com\/product\/yoast-seo-wordpress\/ -->\n<title>Notre approche - DHIS2<\/title>\n<meta name=\"robots\" content=\"index, follow, max-snippet:-1, max-image-preview:large, max-video-preview:-1\" \/>\n<link rel=\"canonical\" href=\"https:\/\/education.dhis2.org\/fr\/our-approach\/\" \/>\n<meta property=\"og:locale\" content=\"fr_FR\" \/>\n<meta property=\"og:type\" content=\"article\" \/>\n<meta property=\"og:title\" content=\"Notre approche - DHIS2\" \/>\n<meta property=\"og:description\" content=\"Le r\u00e9seau HISP a plus de 30 ans d&#039;exp\u00e9rience dans la fourniture d&#039;un soutien local pour la conception, la mise en \u0153uvre, la maintenance et l&#039;adaptation de syst\u00e8mes d&#039;information innovants et durables appartenant \u00e0 des collectivit\u00e9s locales - \u00e0 l&#039;\u00e9chelle mondiale.\" \/>\n<meta property=\"og:url\" content=\"https:\/\/education.dhis2.org\/fr\/our-approach\/\" \/>\n<meta property=\"og:site_name\" content=\"DHIS2\" \/>\n<meta name=\"twitter:card\" content=\"summary_large_image\" \/>\n<script type=\"application\/ld+json\" class=\"yoast-schema-graph\">{\"@context\":\"https:\\\/\\\/schema.org\",\"@graph\":[{\"@type\":\"WebPage\",\"@id\":\"https:\\\/\\\/education.dhis2.org\\\/fr\\\/our-approach\\\/\",\"url\":\"https:\\\/\\\/education.dhis2.org\\\/fr\\\/our-approach\\\/\",\"name\":\"Notre approche - DHIS2\",\"isPartOf\":{\"@id\":\"https:\\\/\\\/education.dhis2.org\\\/fr\\\/#website\"},\"datePublished\":\"2024-11-19T12:30:35+00:00\",\"breadcrumb\":{\"@id\":\"https:\\\/\\\/education.dhis2.org\\\/fr\\\/our-approach\\\/#breadcrumb\"},\"inLanguage\":\"fr-FR\",\"potentialAction\":[{\"@type\":\"ReadAction\",\"target\":[\"https:\\\/\\\/education.dhis2.org\\\/fr\\\/our-approach\\\/\"]}]},{\"@type\":\"BreadcrumbList\",\"@id\":\"https:\\\/\\\/education.dhis2.org\\\/fr\\\/our-approach\\\/#breadcrumb\",\"itemListElement\":[{\"@type\":\"ListItem\",\"position\":1,\"name\":\"Hjem\",\"item\":\"https:\\\/\\\/education.dhis2.org\\\/fr\\\/\"},{\"@type\":\"ListItem\",\"position\":2,\"name\":\"Notre approche\"}]},{\"@type\":\"WebSite\",\"@id\":\"https:\\\/\\\/education.dhis2.org\\\/fr\\\/#website\",\"url\":\"https:\\\/\\\/education.dhis2.org\\\/fr\\\/\",\"name\":\"DHIS2\",\"description\":\"\",\"publisher\":{\"@id\":\"https:\\\/\\\/education.dhis2.org\\\/fr\\\/#organization\"},\"potentialAction\":[{\"@type\":\"SearchAction\",\"target\":{\"@type\":\"EntryPoint\",\"urlTemplate\":\"https:\\\/\\\/education.dhis2.org\\\/fr\\\/?s={search_term_string}\"},\"query-input\":{\"@type\":\"PropertyValueSpecification\",\"valueRequired\":true,\"valueName\":\"search_term_string\"}}],\"inLanguage\":\"fr-FR\"},{\"@type\":\"Organization\",\"@id\":\"https:\\\/\\\/education.dhis2.org\\\/fr\\\/#organization\",\"name\":\"DHIS2\",\"url\":\"https:\\\/\\\/education.dhis2.org\\\/fr\\\/\",\"logo\":{\"@type\":\"ImageObject\",\"inLanguage\":\"fr-FR\",\"@id\":\"https:\\\/\\\/education.dhis2.org\\\/fr\\\/#\\\/schema\\\/logo\\\/image\\\/\",\"url\":\"https:\\\/\\\/education.dhis2.org\\\/wp-content\\\/uploads\\\/logo.svg\",\"contentUrl\":\"https:\\\/\\\/education.dhis2.org\\\/wp-content\\\/uploads\\\/logo.svg\",\"caption\":\"DHIS2\"},\"image\":{\"@id\":\"https:\\\/\\\/education.dhis2.org\\\/fr\\\/#\\\/schema\\\/logo\\\/image\\\/\"}}]}<\/script>\n<!-- \/ Yoast SEO plugin. -->","yoast_head_json":{"title":"Notre approche - DHIS2","robots":{"index":"index","follow":"follow","max-snippet":"max-snippet:-1","max-image-preview":"max-image-preview:large","max-video-preview":"max-video-preview:-1"},"canonical":"https:\/\/education.dhis2.org\/fr\/our-approach\/","og_locale":"fr_FR","og_type":"article","og_title":"Notre approche - DHIS2","og_description":"Le r\u00e9seau HISP a plus de 30 ans d'exp\u00e9rience dans la fourniture d'un soutien local pour la conception, la mise en \u0153uvre, la maintenance et l'adaptation de syst\u00e8mes d'information innovants et durables appartenant \u00e0 des collectivit\u00e9s locales - \u00e0 l'\u00e9chelle mondiale.","og_url":"https:\/\/education.dhis2.org\/fr\/our-approach\/","og_site_name":"DHIS2","twitter_card":"summary_large_image","schema":{"@context":"https:\/\/schema.org","@graph":[{"@type":"WebPage","@id":"https:\/\/education.dhis2.org\/fr\/our-approach\/","url":"https:\/\/education.dhis2.org\/fr\/our-approach\/","name":"Notre approche - DHIS2","isPartOf":{"@id":"https:\/\/education.dhis2.org\/fr\/#website"},"datePublished":"2024-11-19T12:30:35+00:00","breadcrumb":{"@id":"https:\/\/education.dhis2.org\/fr\/our-approach\/#breadcrumb"},"inLanguage":"fr-FR","potentialAction":[{"@type":"ReadAction","target":["https:\/\/education.dhis2.org\/fr\/our-approach\/"]}]},{"@type":"BreadcrumbList","@id":"https:\/\/education.dhis2.org\/fr\/our-approach\/#breadcrumb","itemListElement":[{"@type":"ListItem","position":1,"name":"Hjem","item":"https:\/\/education.dhis2.org\/fr\/"},{"@type":"ListItem","position":2,"name":"Notre approche"}]},{"@type":"WebSite","@id":"https:\/\/education.dhis2.org\/fr\/#website","url":"https:\/\/education.dhis2.org\/fr\/","name":"DHIS2","description":"","publisher":{"@id":"https:\/\/education.dhis2.org\/fr\/#organization"},"potentialAction":[{"@type":"SearchAction","target":{"@type":"EntryPoint","urlTemplate":"https:\/\/education.dhis2.org\/fr\/?s={search_term_string}"},"query-input":{"@type":"PropertyValueSpecification","valueRequired":true,"valueName":"search_term_string"}}],"inLanguage":"fr-FR"},{"@type":"Organization","@id":"https:\/\/education.dhis2.org\/fr\/#organization","name":"DHIS2","url":"https:\/\/education.dhis2.org\/fr\/","logo":{"@type":"ImageObject","inLanguage":"fr-FR","@id":"https:\/\/education.dhis2.org\/fr\/#\/schema\/logo\/image\/","url":"https:\/\/education.dhis2.org\/wp-content\/uploads\/logo.svg","contentUrl":"https:\/\/education.dhis2.org\/wp-content\/uploads\/logo.svg","caption":"DHIS2"},"image":{"@id":"https:\/\/education.dhis2.org\/fr\/#\/schema\/logo\/image\/"}}]}},"_links":{"self":[{"href":"https:\/\/education.dhis2.org\/fr\/wp-json\/wp\/v2\/pages\/20617","targetHints":{"allow":["GET"]}}],"collection":[{"href":"https:\/\/education.dhis2.org\/fr\/wp-json\/wp\/v2\/pages"}],"about":[{"href":"https:\/\/education.dhis2.org\/fr\/wp-json\/wp\/v2\/types\/page"}],"author":[{"embeddable":true,"href":"https:\/\/education.dhis2.org\/fr\/wp-json\/wp\/v2\/users\/1"}],"replies":[{"embeddable":true,"href":"https:\/\/education.dhis2.org\/fr\/wp-json\/wp\/v2\/comments?post=20617"}],"version-history":[{"count":0,"href":"https:\/\/education.dhis2.org\/fr\/wp-json\/wp\/v2\/pages\/20617\/revisions"}],"wp:attachment":[{"href":"https:\/\/education.dhis2.org\/fr\/wp-json\/wp\/v2\/media?parent=20617"}],"curies":[{"name":"wp","href":"https:\/\/api.w.org\/{rel}","templated":true}]}}