 {"id":20619,"date":"2024-11-19T13:30:44","date_gmt":"2024-11-19T12:30:44","guid":{"rendered":"https:\/\/dhis2edu.dev.kodeks.no\/solutions\/"},"modified":"2024-12-16T22:09:22","modified_gmt":"2024-12-16T21:09:22","slug":"solutions","status":"publish","type":"page","link":"https:\/\/education.dhis2.org\/fr\/solutions\/","title":{"rendered":"Solutions"},"content":{"rendered":"","protected":false},"excerpt":{"rendered":"<p class=\"lead\">DHIS2 est une plateforme enti\u00e8rement personnalisable qui peut \u00eatre adapt\u00e9e pour r\u00e9pondre aux besoins d&rsquo;une vari\u00e9t\u00e9 de cas d&rsquo;utilisation dans le domaine de l&rsquo;\u00e9ducation. D\u00e9couvrez les outils, les fonctionnalit\u00e9s et les cas d&rsquo;utilisation de DHIS2 pour l&rsquo;\u00e9ducation, et plus encore.   <\/p>\n","protected":false},"author":18,"featured_media":19657,"parent":0,"menu_order":0,"comment_status":"closed","ping_status":"closed","template":"","meta":{"_acf_changed":false,"inline_featured_image":false,"footnotes":""},"class_list":["post-20619","page","type-page","status-publish","has-post-thumbnail","hentry"],"acf":[],"yoast_head":"<!-- This site is optimized with the Yoast SEO plugin v27.3 - https:\/\/yoast.com\/product\/yoast-seo-wordpress\/ -->\n<title>Solutions - DHIS2<\/title>\n<meta name=\"description\" content=\"DHIS2 est une plateforme enti\u00e8rement personnalisable qui peut \u00eatre adapt\u00e9e pour r\u00e9pondre aux besoins d&#039;une vari\u00e9t\u00e9 de cas d&#039;utilisation dans le domaine de l&#039;\u00e9ducation. D\u00e9couvrez les outils, les fonctionnalit\u00e9s et les cas d&#039;utilisation de DHIS2 pour l&#039;\u00e9ducation, et plus encore.\" \/>\n<meta name=\"robots\" content=\"index, follow, max-snippet:-1, max-image-preview:large, max-video-preview:-1\" \/>\n<link rel=\"canonical\" href=\"https:\/\/education.dhis2.org\/fr\/solutions\/\" \/>\n<meta property=\"og:locale\" content=\"fr_FR\" \/>\n<meta property=\"og:type\" content=\"article\" \/>\n<meta property=\"og:title\" content=\"Solutions - DHIS2\" \/>\n<meta property=\"og:description\" content=\"DHIS2 est une plateforme enti\u00e8rement personnalisable qui peut \u00eatre adapt\u00e9e pour r\u00e9pondre aux besoins d&#039;une vari\u00e9t\u00e9 de cas d&#039;utilisation dans le domaine de l&#039;\u00e9ducation. D\u00e9couvrez les outils, les fonctionnalit\u00e9s et les cas d&#039;utilisation de DHIS2 pour l&#039;\u00e9ducation, et plus encore.\" \/>\n<meta property=\"og:url\" content=\"https:\/\/education.dhis2.org\/fr\/solutions\/\" \/>\n<meta property=\"og:site_name\" content=\"DHIS2\" \/>\n<meta property=\"article:modified_time\" content=\"2024-12-16T21:09:22+00:00\" \/>\n<meta property=\"og:image\" content=\"https:\/\/education.dhis2.org\/wp-content\/uploads\/Education-toolkit-card.png\" \/>\n\t<meta property=\"og:image:width\" content=\"2048\" \/>\n\t<meta property=\"og:image:height\" content=\"1448\" \/>\n\t<meta property=\"og:image:type\" content=\"image\/png\" \/>\n<meta name=\"twitter:card\" content=\"summary_large_image\" \/>\n<script type=\"application\/ld+json\" class=\"yoast-schema-graph\">{\"@context\":\"https:\\\/\\\/schema.org\",\"@graph\":[{\"@type\":\"WebPage\",\"@id\":\"https:\\\/\\\/education.dhis2.org\\\/fr\\\/solutions\\\/\",\"url\":\"https:\\\/\\\/education.dhis2.org\\\/fr\\\/solutions\\\/\",\"name\":\"Solutions - DHIS2\",\"isPartOf\":{\"@id\":\"https:\\\/\\\/education.dhis2.org\\\/fr\\\/#website\"},\"primaryImageOfPage\":{\"@id\":\"https:\\\/\\\/education.dhis2.org\\\/fr\\\/solutions\\\/#primaryimage\"},\"image\":{\"@id\":\"https:\\\/\\\/education.dhis2.org\\\/fr\\\/solutions\\\/#primaryimage\"},\"thumbnailUrl\":\"https:\\\/\\\/education.dhis2.org\\\/wp-content\\\/uploads\\\/Education-toolkit-card.png\",\"datePublished\":\"2024-11-19T12:30:44+00:00\",\"dateModified\":\"2024-12-16T21:09:22+00:00\",\"description\":\"DHIS2 est une plateforme enti\u00e8rement personnalisable qui peut \u00eatre adapt\u00e9e pour r\u00e9pondre aux besoins d'une vari\u00e9t\u00e9 de cas d'utilisation dans le domaine de l'\u00e9ducation. D\u00e9couvrez les outils, les fonctionnalit\u00e9s et les cas d'utilisation de DHIS2 pour l'\u00e9ducation, et plus encore.\",\"breadcrumb\":{\"@id\":\"https:\\\/\\\/education.dhis2.org\\\/fr\\\/solutions\\\/#breadcrumb\"},\"inLanguage\":\"fr-FR\",\"potentialAction\":[{\"@type\":\"ReadAction\",\"target\":[\"https:\\\/\\\/education.dhis2.org\\\/fr\\\/solutions\\\/\"]}]},{\"@type\":\"ImageObject\",\"inLanguage\":\"fr-FR\",\"@id\":\"https:\\\/\\\/education.dhis2.org\\\/fr\\\/solutions\\\/#primaryimage\",\"url\":\"https:\\\/\\\/education.dhis2.org\\\/wp-content\\\/uploads\\\/Education-toolkit-card.png\",\"contentUrl\":\"https:\\\/\\\/education.dhis2.org\\\/wp-content\\\/uploads\\\/Education-toolkit-card.png\",\"width\":2048,\"height\":1448},{\"@type\":\"BreadcrumbList\",\"@id\":\"https:\\\/\\\/education.dhis2.org\\\/fr\\\/solutions\\\/#breadcrumb\",\"itemListElement\":[{\"@type\":\"ListItem\",\"position\":1,\"name\":\"Hjem\",\"item\":\"https:\\\/\\\/education.dhis2.org\\\/fr\\\/\"},{\"@type\":\"ListItem\",\"position\":2,\"name\":\"Solutions\"}]},{\"@type\":\"WebSite\",\"@id\":\"https:\\\/\\\/education.dhis2.org\\\/fr\\\/#website\",\"url\":\"https:\\\/\\\/education.dhis2.org\\\/fr\\\/\",\"name\":\"DHIS2\",\"description\":\"\",\"publisher\":{\"@id\":\"https:\\\/\\\/education.dhis2.org\\\/fr\\\/#organization\"},\"potentialAction\":[{\"@type\":\"SearchAction\",\"target\":{\"@type\":\"EntryPoint\",\"urlTemplate\":\"https:\\\/\\\/education.dhis2.org\\\/fr\\\/?s={search_term_string}\"},\"query-input\":{\"@type\":\"PropertyValueSpecification\",\"valueRequired\":true,\"valueName\":\"search_term_string\"}}],\"inLanguage\":\"fr-FR\"},{\"@type\":\"Organization\",\"@id\":\"https:\\\/\\\/education.dhis2.org\\\/fr\\\/#organization\",\"name\":\"DHIS2\",\"url\":\"https:\\\/\\\/education.dhis2.org\\\/fr\\\/\",\"logo\":{\"@type\":\"ImageObject\",\"inLanguage\":\"fr-FR\",\"@id\":\"https:\\\/\\\/education.dhis2.org\\\/fr\\\/#\\\/schema\\\/logo\\\/image\\\/\",\"url\":\"https:\\\/\\\/education.dhis2.org\\\/wp-content\\\/uploads\\\/logo.svg\",\"contentUrl\":\"https:\\\/\\\/education.dhis2.org\\\/wp-content\\\/uploads\\\/logo.svg\",\"caption\":\"DHIS2\"},\"image\":{\"@id\":\"https:\\\/\\\/education.dhis2.org\\\/fr\\\/#\\\/schema\\\/logo\\\/image\\\/\"}}]}<\/script>\n<!-- \/ Yoast SEO plugin. -->","yoast_head_json":{"title":"Solutions - DHIS2","description":"DHIS2 est une plateforme enti\u00e8rement personnalisable qui peut \u00eatre adapt\u00e9e pour r\u00e9pondre aux besoins d'une vari\u00e9t\u00e9 de cas d'utilisation dans le domaine de l'\u00e9ducation. D\u00e9couvrez les outils, les fonctionnalit\u00e9s et les cas d'utilisation de DHIS2 pour l'\u00e9ducation, et plus encore.","robots":{"index":"index","follow":"follow","max-snippet":"max-snippet:-1","max-image-preview":"max-image-preview:large","max-video-preview":"max-video-preview:-1"},"canonical":"https:\/\/education.dhis2.org\/fr\/solutions\/","og_locale":"fr_FR","og_type":"article","og_title":"Solutions - DHIS2","og_description":"DHIS2 est une plateforme enti\u00e8rement personnalisable qui peut \u00eatre adapt\u00e9e pour r\u00e9pondre aux besoins d'une vari\u00e9t\u00e9 de cas d'utilisation dans le domaine de l'\u00e9ducation. D\u00e9couvrez les outils, les fonctionnalit\u00e9s et les cas d'utilisation de DHIS2 pour l'\u00e9ducation, et plus encore.","og_url":"https:\/\/education.dhis2.org\/fr\/solutions\/","og_site_name":"DHIS2","article_modified_time":"2024-12-16T21:09:22+00:00","og_image":[{"width":2048,"height":1448,"url":"https:\/\/education.dhis2.org\/wp-content\/uploads\/Education-toolkit-card.png","type":"image\/png"}],"twitter_card":"summary_large_image","schema":{"@context":"https:\/\/schema.org","@graph":[{"@type":"WebPage","@id":"https:\/\/education.dhis2.org\/fr\/solutions\/","url":"https:\/\/education.dhis2.org\/fr\/solutions\/","name":"Solutions - DHIS2","isPartOf":{"@id":"https:\/\/education.dhis2.org\/fr\/#website"},"primaryImageOfPage":{"@id":"https:\/\/education.dhis2.org\/fr\/solutions\/#primaryimage"},"image":{"@id":"https:\/\/education.dhis2.org\/fr\/solutions\/#primaryimage"},"thumbnailUrl":"https:\/\/education.dhis2.org\/wp-content\/uploads\/Education-toolkit-card.png","datePublished":"2024-11-19T12:30:44+00:00","dateModified":"2024-12-16T21:09:22+00:00","description":"DHIS2 est une plateforme enti\u00e8rement personnalisable qui peut \u00eatre adapt\u00e9e pour r\u00e9pondre aux besoins d'une vari\u00e9t\u00e9 de cas d'utilisation dans le domaine de l'\u00e9ducation. D\u00e9couvrez les outils, les fonctionnalit\u00e9s et les cas d'utilisation de DHIS2 pour l'\u00e9ducation, et plus encore.","breadcrumb":{"@id":"https:\/\/education.dhis2.org\/fr\/solutions\/#breadcrumb"},"inLanguage":"fr-FR","potentialAction":[{"@type":"ReadAction","target":["https:\/\/education.dhis2.org\/fr\/solutions\/"]}]},{"@type":"ImageObject","inLanguage":"fr-FR","@id":"https:\/\/education.dhis2.org\/fr\/solutions\/#primaryimage","url":"https:\/\/education.dhis2.org\/wp-content\/uploads\/Education-toolkit-card.png","contentUrl":"https:\/\/education.dhis2.org\/wp-content\/uploads\/Education-toolkit-card.png","width":2048,"height":1448},{"@type":"BreadcrumbList","@id":"https:\/\/education.dhis2.org\/fr\/solutions\/#breadcrumb","itemListElement":[{"@type":"ListItem","position":1,"name":"Hjem","item":"https:\/\/education.dhis2.org\/fr\/"},{"@type":"ListItem","position":2,"name":"Solutions"}]},{"@type":"WebSite","@id":"https:\/\/education.dhis2.org\/fr\/#website","url":"https:\/\/education.dhis2.org\/fr\/","name":"DHIS2","description":"","publisher":{"@id":"https:\/\/education.dhis2.org\/fr\/#organization"},"potentialAction":[{"@type":"SearchAction","target":{"@type":"EntryPoint","urlTemplate":"https:\/\/education.dhis2.org\/fr\/?s={search_term_string}"},"query-input":{"@type":"PropertyValueSpecification","valueRequired":true,"valueName":"search_term_string"}}],"inLanguage":"fr-FR"},{"@type":"Organization","@id":"https:\/\/education.dhis2.org\/fr\/#organization","name":"DHIS2","url":"https:\/\/education.dhis2.org\/fr\/","logo":{"@type":"ImageObject","inLanguage":"fr-FR","@id":"https:\/\/education.dhis2.org\/fr\/#\/schema\/logo\/image\/","url":"https:\/\/education.dhis2.org\/wp-content\/uploads\/logo.svg","contentUrl":"https:\/\/education.dhis2.org\/wp-content\/uploads\/logo.svg","caption":"DHIS2"},"image":{"@id":"https:\/\/education.dhis2.org\/fr\/#\/schema\/logo\/image\/"}}]}},"_links":{"self":[{"href":"https:\/\/education.dhis2.org\/fr\/wp-json\/wp\/v2\/pages\/20619","targetHints":{"allow":["GET"]}}],"collection":[{"href":"https:\/\/education.dhis2.org\/fr\/wp-json\/wp\/v2\/pages"}],"about":[{"href":"https:\/\/education.dhis2.org\/fr\/wp-json\/wp\/v2\/types\/page"}],"author":[{"embeddable":true,"href":"https:\/\/education.dhis2.org\/fr\/wp-json\/wp\/v2\/users\/18"}],"replies":[{"embeddable":true,"href":"https:\/\/education.dhis2.org\/fr\/wp-json\/wp\/v2\/comments?post=20619"}],"version-history":[{"count":1,"href":"https:\/\/education.dhis2.org\/fr\/wp-json\/wp\/v2\/pages\/20619\/revisions"}],"predecessor-version":[{"id":20986,"href":"https:\/\/education.dhis2.org\/fr\/wp-json\/wp\/v2\/pages\/20619\/revisions\/20986"}],"wp:featuredmedia":[{"embeddable":true,"href":"https:\/\/education.dhis2.org\/fr\/wp-json\/wp\/v2\/media\/19657"}],"wp:attachment":[{"href":"https:\/\/education.dhis2.org\/fr\/wp-json\/wp\/v2\/media?parent=20619"}],"curies":[{"name":"wp","href":"https:\/\/api.w.org\/{rel}","templated":true}]}}