 {"id":20621,"date":"2024-11-19T13:34:54","date_gmt":"2024-11-19T12:34:54","guid":{"rendered":"https:\/\/dhis2edu.dev.kodeks.no\/solutions\/programmes-de-sante-en-milieu-scolaire\/"},"modified":"2024-11-19T13:34:54","modified_gmt":"2024-11-19T12:34:54","slug":"school-based-health","status":"publish","type":"page","link":"https:\/\/education.dhis2.org\/fr\/solutions\/school-based-health\/","title":{"rendered":"Programmes de sant\u00e9 en milieu scolaire"},"content":{"rendered":"","protected":false},"excerpt":{"rendered":"<p class=\"lead\">Am\u00e9liorer l&rsquo;efficacit\u00e9 de la surveillance de la sant\u00e9 et des programmes de nutrition en milieu scolaire gr\u00e2ce au partage de donn\u00e9es intersectorielles.<\/p>\n","protected":false},"author":18,"featured_media":19672,"parent":20619,"menu_order":0,"comment_status":"closed","ping_status":"closed","template":"","meta":{"_acf_changed":false,"inline_featured_image":false,"footnotes":""},"class_list":["post-20621","page","type-page","status-publish","has-post-thumbnail","hentry"],"acf":[],"yoast_head":"<!-- This site is optimized with the Yoast SEO plugin v27.4 - https:\/\/yoast.com\/product\/yoast-seo-wordpress\/ -->\n<title>Programmes de sant\u00e9 en milieu scolaire - DHIS2<\/title>\n<meta name=\"robots\" content=\"index, follow, max-snippet:-1, max-image-preview:large, max-video-preview:-1\" \/>\n<link rel=\"canonical\" href=\"https:\/\/education.dhis2.org\/fr\/solutions\/school-based-health\/\" \/>\n<meta property=\"og:locale\" content=\"fr_FR\" \/>\n<meta property=\"og:type\" content=\"article\" \/>\n<meta property=\"og:title\" content=\"Programmes de sant\u00e9 en milieu scolaire - DHIS2\" \/>\n<meta property=\"og:description\" content=\"Am\u00e9liorer l&#039;efficacit\u00e9 de la surveillance de la sant\u00e9 et des programmes de nutrition en milieu scolaire gr\u00e2ce au partage de donn\u00e9es intersectorielles.\" \/>\n<meta property=\"og:url\" content=\"https:\/\/education.dhis2.org\/fr\/solutions\/school-based-health\/\" \/>\n<meta property=\"og:site_name\" content=\"DHIS2\" \/>\n<meta name=\"twitter:card\" content=\"summary_large_image\" \/>\n<script type=\"application\/ld+json\" class=\"yoast-schema-graph\">{\"@context\":\"https:\\\/\\\/schema.org\",\"@graph\":[{\"@type\":\"WebPage\",\"@id\":\"https:\\\/\\\/education.dhis2.org\\\/fr\\\/solutions\\\/school-based-health\\\/\",\"url\":\"https:\\\/\\\/education.dhis2.org\\\/fr\\\/solutions\\\/school-based-health\\\/\",\"name\":\"Programmes de sant\u00e9 en milieu scolaire - DHIS2\",\"isPartOf\":{\"@id\":\"https:\\\/\\\/education.dhis2.org\\\/fr\\\/#website\"},\"primaryImageOfPage\":{\"@id\":\"https:\\\/\\\/education.dhis2.org\\\/fr\\\/solutions\\\/school-based-health\\\/#primaryimage\"},\"image\":{\"@id\":\"https:\\\/\\\/education.dhis2.org\\\/fr\\\/solutions\\\/school-based-health\\\/#primaryimage\"},\"thumbnailUrl\":\"https:\\\/\\\/education.dhis2.org\\\/wp-content\\\/uploads\\\/school-based-health-1.png\",\"datePublished\":\"2024-11-19T12:34:54+00:00\",\"breadcrumb\":{\"@id\":\"https:\\\/\\\/education.dhis2.org\\\/fr\\\/solutions\\\/school-based-health\\\/#breadcrumb\"},\"inLanguage\":\"fr-FR\",\"potentialAction\":[{\"@type\":\"ReadAction\",\"target\":[\"https:\\\/\\\/education.dhis2.org\\\/fr\\\/solutions\\\/school-based-health\\\/\"]}]},{\"@type\":\"ImageObject\",\"inLanguage\":\"fr-FR\",\"@id\":\"https:\\\/\\\/education.dhis2.org\\\/fr\\\/solutions\\\/school-based-health\\\/#primaryimage\",\"url\":\"https:\\\/\\\/education.dhis2.org\\\/wp-content\\\/uploads\\\/school-based-health-1.png\",\"contentUrl\":\"https:\\\/\\\/education.dhis2.org\\\/wp-content\\\/uploads\\\/school-based-health-1.png\",\"width\":2048,\"height\":1448},{\"@type\":\"BreadcrumbList\",\"@id\":\"https:\\\/\\\/education.dhis2.org\\\/fr\\\/solutions\\\/school-based-health\\\/#breadcrumb\",\"itemListElement\":[{\"@type\":\"ListItem\",\"position\":1,\"name\":\"Hjem\",\"item\":\"https:\\\/\\\/education.dhis2.org\\\/fr\\\/\"},{\"@type\":\"ListItem\",\"position\":2,\"name\":\"Solutions\",\"item\":\"https:\\\/\\\/education.dhis2.org\\\/fr\\\/solutions\\\/\"},{\"@type\":\"ListItem\",\"position\":3,\"name\":\"Programmes de sant\u00e9 en milieu scolaire\"}]},{\"@type\":\"WebSite\",\"@id\":\"https:\\\/\\\/education.dhis2.org\\\/fr\\\/#website\",\"url\":\"https:\\\/\\\/education.dhis2.org\\\/fr\\\/\",\"name\":\"DHIS2\",\"description\":\"\",\"publisher\":{\"@id\":\"https:\\\/\\\/education.dhis2.org\\\/fr\\\/#organization\"},\"potentialAction\":[{\"@type\":\"SearchAction\",\"target\":{\"@type\":\"EntryPoint\",\"urlTemplate\":\"https:\\\/\\\/education.dhis2.org\\\/fr\\\/?s={search_term_string}\"},\"query-input\":{\"@type\":\"PropertyValueSpecification\",\"valueRequired\":true,\"valueName\":\"search_term_string\"}}],\"inLanguage\":\"fr-FR\"},{\"@type\":\"Organization\",\"@id\":\"https:\\\/\\\/education.dhis2.org\\\/fr\\\/#organization\",\"name\":\"DHIS2\",\"url\":\"https:\\\/\\\/education.dhis2.org\\\/fr\\\/\",\"logo\":{\"@type\":\"ImageObject\",\"inLanguage\":\"fr-FR\",\"@id\":\"https:\\\/\\\/education.dhis2.org\\\/fr\\\/#\\\/schema\\\/logo\\\/image\\\/\",\"url\":\"https:\\\/\\\/education.dhis2.org\\\/wp-content\\\/uploads\\\/logo.svg\",\"contentUrl\":\"https:\\\/\\\/education.dhis2.org\\\/wp-content\\\/uploads\\\/logo.svg\",\"caption\":\"DHIS2\"},\"image\":{\"@id\":\"https:\\\/\\\/education.dhis2.org\\\/fr\\\/#\\\/schema\\\/logo\\\/image\\\/\"}}]}<\/script>\n<!-- \/ Yoast SEO plugin. -->","yoast_head_json":{"title":"Programmes de sant\u00e9 en milieu scolaire - DHIS2","robots":{"index":"index","follow":"follow","max-snippet":"max-snippet:-1","max-image-preview":"max-image-preview:large","max-video-preview":"max-video-preview:-1"},"canonical":"https:\/\/education.dhis2.org\/fr\/solutions\/school-based-health\/","og_locale":"fr_FR","og_type":"article","og_title":"Programmes de sant\u00e9 en milieu scolaire - DHIS2","og_description":"Am\u00e9liorer l'efficacit\u00e9 de la surveillance de la sant\u00e9 et des programmes de nutrition en milieu scolaire gr\u00e2ce au partage de donn\u00e9es intersectorielles.","og_url":"https:\/\/education.dhis2.org\/fr\/solutions\/school-based-health\/","og_site_name":"DHIS2","twitter_card":"summary_large_image","schema":{"@context":"https:\/\/schema.org","@graph":[{"@type":"WebPage","@id":"https:\/\/education.dhis2.org\/fr\/solutions\/school-based-health\/","url":"https:\/\/education.dhis2.org\/fr\/solutions\/school-based-health\/","name":"Programmes de sant\u00e9 en milieu scolaire - DHIS2","isPartOf":{"@id":"https:\/\/education.dhis2.org\/fr\/#website"},"primaryImageOfPage":{"@id":"https:\/\/education.dhis2.org\/fr\/solutions\/school-based-health\/#primaryimage"},"image":{"@id":"https:\/\/education.dhis2.org\/fr\/solutions\/school-based-health\/#primaryimage"},"thumbnailUrl":"https:\/\/education.dhis2.org\/wp-content\/uploads\/school-based-health-1.png","datePublished":"2024-11-19T12:34:54+00:00","breadcrumb":{"@id":"https:\/\/education.dhis2.org\/fr\/solutions\/school-based-health\/#breadcrumb"},"inLanguage":"fr-FR","potentialAction":[{"@type":"ReadAction","target":["https:\/\/education.dhis2.org\/fr\/solutions\/school-based-health\/"]}]},{"@type":"ImageObject","inLanguage":"fr-FR","@id":"https:\/\/education.dhis2.org\/fr\/solutions\/school-based-health\/#primaryimage","url":"https:\/\/education.dhis2.org\/wp-content\/uploads\/school-based-health-1.png","contentUrl":"https:\/\/education.dhis2.org\/wp-content\/uploads\/school-based-health-1.png","width":2048,"height":1448},{"@type":"BreadcrumbList","@id":"https:\/\/education.dhis2.org\/fr\/solutions\/school-based-health\/#breadcrumb","itemListElement":[{"@type":"ListItem","position":1,"name":"Hjem","item":"https:\/\/education.dhis2.org\/fr\/"},{"@type":"ListItem","position":2,"name":"Solutions","item":"https:\/\/education.dhis2.org\/fr\/solutions\/"},{"@type":"ListItem","position":3,"name":"Programmes de sant\u00e9 en milieu scolaire"}]},{"@type":"WebSite","@id":"https:\/\/education.dhis2.org\/fr\/#website","url":"https:\/\/education.dhis2.org\/fr\/","name":"DHIS2","description":"","publisher":{"@id":"https:\/\/education.dhis2.org\/fr\/#organization"},"potentialAction":[{"@type":"SearchAction","target":{"@type":"EntryPoint","urlTemplate":"https:\/\/education.dhis2.org\/fr\/?s={search_term_string}"},"query-input":{"@type":"PropertyValueSpecification","valueRequired":true,"valueName":"search_term_string"}}],"inLanguage":"fr-FR"},{"@type":"Organization","@id":"https:\/\/education.dhis2.org\/fr\/#organization","name":"DHIS2","url":"https:\/\/education.dhis2.org\/fr\/","logo":{"@type":"ImageObject","inLanguage":"fr-FR","@id":"https:\/\/education.dhis2.org\/fr\/#\/schema\/logo\/image\/","url":"https:\/\/education.dhis2.org\/wp-content\/uploads\/logo.svg","contentUrl":"https:\/\/education.dhis2.org\/wp-content\/uploads\/logo.svg","caption":"DHIS2"},"image":{"@id":"https:\/\/education.dhis2.org\/fr\/#\/schema\/logo\/image\/"}}]}},"_links":{"self":[{"href":"https:\/\/education.dhis2.org\/fr\/wp-json\/wp\/v2\/pages\/20621","targetHints":{"allow":["GET"]}}],"collection":[{"href":"https:\/\/education.dhis2.org\/fr\/wp-json\/wp\/v2\/pages"}],"about":[{"href":"https:\/\/education.dhis2.org\/fr\/wp-json\/wp\/v2\/types\/page"}],"author":[{"embeddable":true,"href":"https:\/\/education.dhis2.org\/fr\/wp-json\/wp\/v2\/users\/18"}],"replies":[{"embeddable":true,"href":"https:\/\/education.dhis2.org\/fr\/wp-json\/wp\/v2\/comments?post=20621"}],"version-history":[{"count":0,"href":"https:\/\/education.dhis2.org\/fr\/wp-json\/wp\/v2\/pages\/20621\/revisions"}],"up":[{"embeddable":true,"href":"https:\/\/education.dhis2.org\/fr\/wp-json\/wp\/v2\/pages\/20619"}],"wp:featuredmedia":[{"embeddable":true,"href":"https:\/\/education.dhis2.org\/fr\/wp-json\/wp\/v2\/media\/19672"}],"wp:attachment":[{"href":"https:\/\/education.dhis2.org\/fr\/wp-json\/wp\/v2\/media?parent=20621"}],"curies":[{"name":"wp","href":"https:\/\/api.w.org\/{rel}","templated":true}]}}