 {"id":20622,"date":"2024-11-19T13:35:06","date_gmt":"2024-11-19T12:35:06","guid":{"rendered":"https:\/\/dhis2edu.dev.kodeks.no\/solutions\/suivi-et-rapports-programmes-deducation\/"},"modified":"2024-12-16T21:50:49","modified_gmt":"2024-12-16T20:50:49","slug":"monitoring-reporting","status":"publish","type":"page","link":"https:\/\/education.dhis2.org\/fr\/solutions\/monitoring-reporting\/","title":{"rendered":"Suivi et rapports Programmes d&rsquo;\u00e9ducation"},"content":{"rendered":"","protected":false},"excerpt":{"rendered":"<p class=\"lead\">Le Param\u00e9trage de DHIS2 Education soutient la planification, l&rsquo;allocation des ressources et les d\u00e9cisions politiques pour le secteur de l&rsquo;\u00e9ducation gr\u00e2ce \u00e0 ses m\u00e9tadonn\u00e9es pr\u00e9configur\u00e9es, ses formulaires personnalis\u00e9s et ses tableaux de bord &#8211; donnant vie aux donn\u00e9es sur l&rsquo;\u00e9ducation.<\/p>\n","protected":false},"author":1,"featured_media":19477,"parent":20619,"menu_order":0,"comment_status":"closed","ping_status":"closed","template":"","meta":{"_acf_changed":false,"inline_featured_image":false,"footnotes":""},"class_list":["post-20622","page","type-page","status-publish","has-post-thumbnail","hentry"],"acf":[],"yoast_head":"<!-- This site is optimized with the Yoast SEO plugin v27.4 - https:\/\/yoast.com\/product\/yoast-seo-wordpress\/ -->\n<title>Suivi et rapports Programmes d&#039;\u00e9ducation - DHIS2<\/title>\n<meta name=\"robots\" content=\"index, follow, max-snippet:-1, max-image-preview:large, max-video-preview:-1\" \/>\n<link rel=\"canonical\" href=\"https:\/\/education.dhis2.org\/fr\/solutions\/monitoring-reporting\/\" \/>\n<meta property=\"og:locale\" content=\"fr_FR\" \/>\n<meta property=\"og:type\" content=\"article\" \/>\n<meta property=\"og:title\" content=\"Suivi et rapports Programmes d&#039;\u00e9ducation - DHIS2\" \/>\n<meta property=\"og:description\" content=\"Le Param\u00e9trage de DHIS2 Education soutient la planification, l&#039;allocation des ressources et les d\u00e9cisions politiques pour le secteur de l&#039;\u00e9ducation gr\u00e2ce \u00e0 ses m\u00e9tadonn\u00e9es pr\u00e9configur\u00e9es, ses formulaires personnalis\u00e9s et ses tableaux de bord - donnant vie aux donn\u00e9es sur l&#039;\u00e9ducation.\" \/>\n<meta property=\"og:url\" content=\"https:\/\/education.dhis2.org\/fr\/solutions\/monitoring-reporting\/\" \/>\n<meta property=\"og:site_name\" content=\"DHIS2\" \/>\n<meta property=\"article:modified_time\" content=\"2024-12-16T20:50:49+00:00\" \/>\n<meta property=\"og:image\" content=\"https:\/\/education.dhis2.org\/wp-content\/uploads\/uganda-report-2020-scaled.jpg\" \/>\n\t<meta property=\"og:image:width\" content=\"2048\" \/>\n\t<meta property=\"og:image:height\" content=\"996\" \/>\n\t<meta property=\"og:image:type\" content=\"image\/jpeg\" \/>\n<meta name=\"twitter:card\" content=\"summary_large_image\" \/>\n<meta name=\"twitter:label1\" content=\"Dur\u00e9e de lecture estim\u00e9e\" \/>\n\t<meta name=\"twitter:data1\" content=\"1 minute\" \/>\n<script type=\"application\/ld+json\" class=\"yoast-schema-graph\">{\"@context\":\"https:\\\/\\\/schema.org\",\"@graph\":[{\"@type\":\"WebPage\",\"@id\":\"https:\\\/\\\/education.dhis2.org\\\/fr\\\/solutions\\\/monitoring-reporting\\\/\",\"url\":\"https:\\\/\\\/education.dhis2.org\\\/fr\\\/solutions\\\/monitoring-reporting\\\/\",\"name\":\"Suivi et rapports Programmes d'\u00e9ducation - DHIS2\",\"isPartOf\":{\"@id\":\"https:\\\/\\\/education.dhis2.org\\\/fr\\\/#website\"},\"primaryImageOfPage\":{\"@id\":\"https:\\\/\\\/education.dhis2.org\\\/fr\\\/solutions\\\/monitoring-reporting\\\/#primaryimage\"},\"image\":{\"@id\":\"https:\\\/\\\/education.dhis2.org\\\/fr\\\/solutions\\\/monitoring-reporting\\\/#primaryimage\"},\"thumbnailUrl\":\"https:\\\/\\\/education.dhis2.org\\\/wp-content\\\/uploads\\\/uganda-report-2020-scaled.jpg\",\"datePublished\":\"2024-11-19T12:35:06+00:00\",\"dateModified\":\"2024-12-16T20:50:49+00:00\",\"breadcrumb\":{\"@id\":\"https:\\\/\\\/education.dhis2.org\\\/fr\\\/solutions\\\/monitoring-reporting\\\/#breadcrumb\"},\"inLanguage\":\"fr-FR\",\"potentialAction\":[{\"@type\":\"ReadAction\",\"target\":[\"https:\\\/\\\/education.dhis2.org\\\/fr\\\/solutions\\\/monitoring-reporting\\\/\"]}]},{\"@type\":\"ImageObject\",\"inLanguage\":\"fr-FR\",\"@id\":\"https:\\\/\\\/education.dhis2.org\\\/fr\\\/solutions\\\/monitoring-reporting\\\/#primaryimage\",\"url\":\"https:\\\/\\\/education.dhis2.org\\\/wp-content\\\/uploads\\\/uganda-report-2020-scaled.jpg\",\"contentUrl\":\"https:\\\/\\\/education.dhis2.org\\\/wp-content\\\/uploads\\\/uganda-report-2020-scaled.jpg\",\"width\":2048,\"height\":996},{\"@type\":\"BreadcrumbList\",\"@id\":\"https:\\\/\\\/education.dhis2.org\\\/fr\\\/solutions\\\/monitoring-reporting\\\/#breadcrumb\",\"itemListElement\":[{\"@type\":\"ListItem\",\"position\":1,\"name\":\"Hjem\",\"item\":\"https:\\\/\\\/education.dhis2.org\\\/fr\\\/\"},{\"@type\":\"ListItem\",\"position\":2,\"name\":\"Solutions\",\"item\":\"https:\\\/\\\/education.dhis2.org\\\/fr\\\/solutions\\\/\"},{\"@type\":\"ListItem\",\"position\":3,\"name\":\"Suivi et rapports Programmes d&#8217;\u00e9ducation\"}]},{\"@type\":\"WebSite\",\"@id\":\"https:\\\/\\\/education.dhis2.org\\\/fr\\\/#website\",\"url\":\"https:\\\/\\\/education.dhis2.org\\\/fr\\\/\",\"name\":\"DHIS2\",\"description\":\"\",\"publisher\":{\"@id\":\"https:\\\/\\\/education.dhis2.org\\\/fr\\\/#organization\"},\"potentialAction\":[{\"@type\":\"SearchAction\",\"target\":{\"@type\":\"EntryPoint\",\"urlTemplate\":\"https:\\\/\\\/education.dhis2.org\\\/fr\\\/?s={search_term_string}\"},\"query-input\":{\"@type\":\"PropertyValueSpecification\",\"valueRequired\":true,\"valueName\":\"search_term_string\"}}],\"inLanguage\":\"fr-FR\"},{\"@type\":\"Organization\",\"@id\":\"https:\\\/\\\/education.dhis2.org\\\/fr\\\/#organization\",\"name\":\"DHIS2\",\"url\":\"https:\\\/\\\/education.dhis2.org\\\/fr\\\/\",\"logo\":{\"@type\":\"ImageObject\",\"inLanguage\":\"fr-FR\",\"@id\":\"https:\\\/\\\/education.dhis2.org\\\/fr\\\/#\\\/schema\\\/logo\\\/image\\\/\",\"url\":\"https:\\\/\\\/education.dhis2.org\\\/wp-content\\\/uploads\\\/logo.svg\",\"contentUrl\":\"https:\\\/\\\/education.dhis2.org\\\/wp-content\\\/uploads\\\/logo.svg\",\"caption\":\"DHIS2\"},\"image\":{\"@id\":\"https:\\\/\\\/education.dhis2.org\\\/fr\\\/#\\\/schema\\\/logo\\\/image\\\/\"}}]}<\/script>\n<!-- \/ Yoast SEO plugin. -->","yoast_head_json":{"title":"Suivi et rapports Programmes d'\u00e9ducation - DHIS2","robots":{"index":"index","follow":"follow","max-snippet":"max-snippet:-1","max-image-preview":"max-image-preview:large","max-video-preview":"max-video-preview:-1"},"canonical":"https:\/\/education.dhis2.org\/fr\/solutions\/monitoring-reporting\/","og_locale":"fr_FR","og_type":"article","og_title":"Suivi et rapports Programmes d'\u00e9ducation - DHIS2","og_description":"Le Param\u00e9trage de DHIS2 Education soutient la planification, l'allocation des ressources et les d\u00e9cisions politiques pour le secteur de l'\u00e9ducation gr\u00e2ce \u00e0 ses m\u00e9tadonn\u00e9es pr\u00e9configur\u00e9es, ses formulaires personnalis\u00e9s et ses tableaux de bord - donnant vie aux donn\u00e9es sur l'\u00e9ducation.","og_url":"https:\/\/education.dhis2.org\/fr\/solutions\/monitoring-reporting\/","og_site_name":"DHIS2","article_modified_time":"2024-12-16T20:50:49+00:00","og_image":[{"width":2048,"height":996,"url":"https:\/\/education.dhis2.org\/wp-content\/uploads\/uganda-report-2020-scaled.jpg","type":"image\/jpeg"}],"twitter_card":"summary_large_image","twitter_misc":{"Dur\u00e9e de lecture estim\u00e9e":"1 minute"},"schema":{"@context":"https:\/\/schema.org","@graph":[{"@type":"WebPage","@id":"https:\/\/education.dhis2.org\/fr\/solutions\/monitoring-reporting\/","url":"https:\/\/education.dhis2.org\/fr\/solutions\/monitoring-reporting\/","name":"Suivi et rapports Programmes d'\u00e9ducation - DHIS2","isPartOf":{"@id":"https:\/\/education.dhis2.org\/fr\/#website"},"primaryImageOfPage":{"@id":"https:\/\/education.dhis2.org\/fr\/solutions\/monitoring-reporting\/#primaryimage"},"image":{"@id":"https:\/\/education.dhis2.org\/fr\/solutions\/monitoring-reporting\/#primaryimage"},"thumbnailUrl":"https:\/\/education.dhis2.org\/wp-content\/uploads\/uganda-report-2020-scaled.jpg","datePublished":"2024-11-19T12:35:06+00:00","dateModified":"2024-12-16T20:50:49+00:00","breadcrumb":{"@id":"https:\/\/education.dhis2.org\/fr\/solutions\/monitoring-reporting\/#breadcrumb"},"inLanguage":"fr-FR","potentialAction":[{"@type":"ReadAction","target":["https:\/\/education.dhis2.org\/fr\/solutions\/monitoring-reporting\/"]}]},{"@type":"ImageObject","inLanguage":"fr-FR","@id":"https:\/\/education.dhis2.org\/fr\/solutions\/monitoring-reporting\/#primaryimage","url":"https:\/\/education.dhis2.org\/wp-content\/uploads\/uganda-report-2020-scaled.jpg","contentUrl":"https:\/\/education.dhis2.org\/wp-content\/uploads\/uganda-report-2020-scaled.jpg","width":2048,"height":996},{"@type":"BreadcrumbList","@id":"https:\/\/education.dhis2.org\/fr\/solutions\/monitoring-reporting\/#breadcrumb","itemListElement":[{"@type":"ListItem","position":1,"name":"Hjem","item":"https:\/\/education.dhis2.org\/fr\/"},{"@type":"ListItem","position":2,"name":"Solutions","item":"https:\/\/education.dhis2.org\/fr\/solutions\/"},{"@type":"ListItem","position":3,"name":"Suivi et rapports Programmes d&#8217;\u00e9ducation"}]},{"@type":"WebSite","@id":"https:\/\/education.dhis2.org\/fr\/#website","url":"https:\/\/education.dhis2.org\/fr\/","name":"DHIS2","description":"","publisher":{"@id":"https:\/\/education.dhis2.org\/fr\/#organization"},"potentialAction":[{"@type":"SearchAction","target":{"@type":"EntryPoint","urlTemplate":"https:\/\/education.dhis2.org\/fr\/?s={search_term_string}"},"query-input":{"@type":"PropertyValueSpecification","valueRequired":true,"valueName":"search_term_string"}}],"inLanguage":"fr-FR"},{"@type":"Organization","@id":"https:\/\/education.dhis2.org\/fr\/#organization","name":"DHIS2","url":"https:\/\/education.dhis2.org\/fr\/","logo":{"@type":"ImageObject","inLanguage":"fr-FR","@id":"https:\/\/education.dhis2.org\/fr\/#\/schema\/logo\/image\/","url":"https:\/\/education.dhis2.org\/wp-content\/uploads\/logo.svg","contentUrl":"https:\/\/education.dhis2.org\/wp-content\/uploads\/logo.svg","caption":"DHIS2"},"image":{"@id":"https:\/\/education.dhis2.org\/fr\/#\/schema\/logo\/image\/"}}]}},"_links":{"self":[{"href":"https:\/\/education.dhis2.org\/fr\/wp-json\/wp\/v2\/pages\/20622","targetHints":{"allow":["GET"]}}],"collection":[{"href":"https:\/\/education.dhis2.org\/fr\/wp-json\/wp\/v2\/pages"}],"about":[{"href":"https:\/\/education.dhis2.org\/fr\/wp-json\/wp\/v2\/types\/page"}],"author":[{"embeddable":true,"href":"https:\/\/education.dhis2.org\/fr\/wp-json\/wp\/v2\/users\/1"}],"replies":[{"embeddable":true,"href":"https:\/\/education.dhis2.org\/fr\/wp-json\/wp\/v2\/comments?post=20622"}],"version-history":[{"count":1,"href":"https:\/\/education.dhis2.org\/fr\/wp-json\/wp\/v2\/pages\/20622\/revisions"}],"predecessor-version":[{"id":20895,"href":"https:\/\/education.dhis2.org\/fr\/wp-json\/wp\/v2\/pages\/20622\/revisions\/20895"}],"up":[{"embeddable":true,"href":"https:\/\/education.dhis2.org\/fr\/wp-json\/wp\/v2\/pages\/20619"}],"wp:featuredmedia":[{"embeddable":true,"href":"https:\/\/education.dhis2.org\/fr\/wp-json\/wp\/v2\/media\/19477"}],"wp:attachment":[{"href":"https:\/\/education.dhis2.org\/fr\/wp-json\/wp\/v2\/media?parent=20622"}],"curies":[{"name":"wp","href":"https:\/\/api.w.org\/{rel}","templated":true}]}}