 {"id":20623,"date":"2024-11-19T13:35:27","date_gmt":"2024-11-19T12:35:27","guid":{"rendered":"https:\/\/dhis2edu.dev.kodeks.no\/solutions\/gestion-des-etudiants-du-personnel-et-des-ecoles\/"},"modified":"2024-11-19T13:35:27","modified_gmt":"2024-11-19T12:35:27","slug":"student-staff-school","status":"publish","type":"page","link":"https:\/\/education.dhis2.org\/fr\/solutions\/student-staff-school\/","title":{"rendered":"Gestion des \u00e9tudiants, du personnel et des \u00e9coles"},"content":{"rendered":"","protected":false},"excerpt":{"rendered":"<p class=\"lead\">SEMIS aide les pays \u00e0 am\u00e9liorer la planification et la prestation de l&rsquo;\u00e9ducation gr\u00e2ce \u00e0 une s\u00e9rie d&rsquo;outils sp\u00e9cialement con\u00e7us pour les donn\u00e9es individuelles sur les \u00e9l\u00e8ves et le personnel.<\/p>\n","protected":false},"author":1,"featured_media":19322,"parent":20619,"menu_order":0,"comment_status":"closed","ping_status":"closed","template":"","meta":{"_acf_changed":false,"inline_featured_image":false,"footnotes":""},"class_list":["post-20623","page","type-page","status-publish","has-post-thumbnail","hentry"],"acf":[],"yoast_head":"<!-- This site is optimized with the Yoast SEO plugin v27.2 - https:\/\/yoast.com\/product\/yoast-seo-wordpress\/ -->\n<title>Gestion des \u00e9tudiants, du personnel et des \u00e9coles - DHIS2<\/title>\n<meta name=\"description\" content=\"SEMIS est une application gratuite et open-source pour les \u00e9tudiants, le personnel et les \u00e9coles, d\u00e9velopp\u00e9e en collaboration avec les minist\u00e8res de l&#039;\u00e9ducation des pays du Sud. Il a \u00e9t\u00e9 con\u00e7u avec et pour les pays afin de r\u00e9pondre aux exigences fondamentales en mati\u00e8re d&#039;inscription et de gestion des \u00e9tudiants et du personnel.\" \/>\n<meta name=\"robots\" content=\"index, follow, max-snippet:-1, max-image-preview:large, max-video-preview:-1\" \/>\n<link rel=\"canonical\" href=\"https:\/\/education.dhis2.org\/fr\/solutions\/student-staff-school\/\" \/>\n<meta property=\"og:locale\" content=\"fr_FR\" \/>\n<meta property=\"og:type\" content=\"article\" \/>\n<meta property=\"og:title\" content=\"Gestion des \u00e9tudiants, du personnel et des \u00e9coles - DHIS2\" \/>\n<meta property=\"og:description\" content=\"SEMIS est une application gratuite et open-source pour les \u00e9tudiants, le personnel et les \u00e9coles, d\u00e9velopp\u00e9e en collaboration avec les minist\u00e8res de l&#039;\u00e9ducation des pays du Sud. Il a \u00e9t\u00e9 con\u00e7u avec et pour les pays afin de r\u00e9pondre aux exigences fondamentales en mati\u00e8re d&#039;inscription et de gestion des \u00e9tudiants et du personnel.\" \/>\n<meta property=\"og:url\" content=\"https:\/\/education.dhis2.org\/fr\/solutions\/student-staff-school\/\" \/>\n<meta property=\"og:site_name\" content=\"DHIS2\" \/>\n<meta property=\"og:image\" content=\"https:\/\/education.dhis2.org\/wp-content\/uploads\/SEMIS-comp-2-1280x989.png\" \/>\n\t<meta property=\"og:image:width\" content=\"1280\" \/>\n\t<meta property=\"og:image:height\" content=\"989\" \/>\n\t<meta property=\"og:image:type\" content=\"image\/png\" \/>\n<meta name=\"twitter:card\" content=\"summary_large_image\" \/>\n<script type=\"application\/ld+json\" class=\"yoast-schema-graph\">{\"@context\":\"https:\/\/schema.org\",\"@graph\":[{\"@type\":\"WebPage\",\"@id\":\"https:\/\/education.dhis2.org\/fr\/solutions\/student-staff-school\/\",\"url\":\"https:\/\/education.dhis2.org\/fr\/solutions\/student-staff-school\/\",\"name\":\"Gestion des \u00e9tudiants, du personnel et des \u00e9coles - DHIS2\",\"isPartOf\":{\"@id\":\"https:\/\/education.dhis2.org\/fr\/#website\"},\"primaryImageOfPage\":{\"@id\":\"https:\/\/education.dhis2.org\/fr\/solutions\/student-staff-school\/#primaryimage\"},\"image\":{\"@id\":\"https:\/\/education.dhis2.org\/fr\/solutions\/student-staff-school\/#primaryimage\"},\"thumbnailUrl\":\"https:\/\/education.dhis2.org\/wp-content\/uploads\/SEMIS-comp-2.png\",\"datePublished\":\"2024-11-19T12:35:27+00:00\",\"description\":\"SEMIS est une application gratuite et open-source pour les \u00e9tudiants, le personnel et les \u00e9coles, d\u00e9velopp\u00e9e en collaboration avec les minist\u00e8res de l'\u00e9ducation des pays du Sud. Il a \u00e9t\u00e9 con\u00e7u avec et pour les pays afin de r\u00e9pondre aux exigences fondamentales en mati\u00e8re d'inscription et de gestion des \u00e9tudiants et du personnel.\",\"breadcrumb\":{\"@id\":\"https:\/\/education.dhis2.org\/fr\/solutions\/student-staff-school\/#breadcrumb\"},\"inLanguage\":\"fr-FR\",\"potentialAction\":[{\"@type\":\"ReadAction\",\"target\":[\"https:\/\/education.dhis2.org\/fr\/solutions\/student-staff-school\/\"]}]},{\"@type\":\"ImageObject\",\"inLanguage\":\"fr-FR\",\"@id\":\"https:\/\/education.dhis2.org\/fr\/solutions\/student-staff-school\/#primaryimage\",\"url\":\"https:\/\/education.dhis2.org\/wp-content\/uploads\/SEMIS-comp-2.png\",\"contentUrl\":\"https:\/\/education.dhis2.org\/wp-content\/uploads\/SEMIS-comp-2.png\",\"width\":3300,\"height\":2550},{\"@type\":\"BreadcrumbList\",\"@id\":\"https:\/\/education.dhis2.org\/fr\/solutions\/student-staff-school\/#breadcrumb\",\"itemListElement\":[{\"@type\":\"ListItem\",\"position\":1,\"name\":\"Hjem\",\"item\":\"https:\/\/education.dhis2.org\/fr\/\"},{\"@type\":\"ListItem\",\"position\":2,\"name\":\"Solutions\",\"item\":\"https:\/\/education.dhis2.org\/fr\/solutions\/\"},{\"@type\":\"ListItem\",\"position\":3,\"name\":\"Gestion des \u00e9tudiants, du personnel et des \u00e9coles\"}]},{\"@type\":\"WebSite\",\"@id\":\"https:\/\/education.dhis2.org\/fr\/#website\",\"url\":\"https:\/\/education.dhis2.org\/fr\/\",\"name\":\"DHIS2\",\"description\":\"\",\"publisher\":{\"@id\":\"https:\/\/education.dhis2.org\/fr\/#organization\"},\"potentialAction\":[{\"@type\":\"SearchAction\",\"target\":{\"@type\":\"EntryPoint\",\"urlTemplate\":\"https:\/\/education.dhis2.org\/fr\/?s={search_term_string}\"},\"query-input\":{\"@type\":\"PropertyValueSpecification\",\"valueRequired\":true,\"valueName\":\"search_term_string\"}}],\"inLanguage\":\"fr-FR\"},{\"@type\":\"Organization\",\"@id\":\"https:\/\/education.dhis2.org\/fr\/#organization\",\"name\":\"DHIS2\",\"url\":\"https:\/\/education.dhis2.org\/fr\/\",\"logo\":{\"@type\":\"ImageObject\",\"inLanguage\":\"fr-FR\",\"@id\":\"https:\/\/education.dhis2.org\/fr\/#\/schema\/logo\/image\/\",\"url\":\"https:\/\/education.dhis2.org\/wp-content\/uploads\/logo.svg\",\"contentUrl\":\"https:\/\/education.dhis2.org\/wp-content\/uploads\/logo.svg\",\"caption\":\"DHIS2\"},\"image\":{\"@id\":\"https:\/\/education.dhis2.org\/fr\/#\/schema\/logo\/image\/\"}}]}<\/script>\n<!-- \/ Yoast SEO plugin. -->","yoast_head_json":{"title":"Gestion des \u00e9tudiants, du personnel et des \u00e9coles - DHIS2","description":"SEMIS est une application gratuite et open-source pour les \u00e9tudiants, le personnel et les \u00e9coles, d\u00e9velopp\u00e9e en collaboration avec les minist\u00e8res de l'\u00e9ducation des pays du Sud. Il a \u00e9t\u00e9 con\u00e7u avec et pour les pays afin de r\u00e9pondre aux exigences fondamentales en mati\u00e8re d'inscription et de gestion des \u00e9tudiants et du personnel.","robots":{"index":"index","follow":"follow","max-snippet":"max-snippet:-1","max-image-preview":"max-image-preview:large","max-video-preview":"max-video-preview:-1"},"canonical":"https:\/\/education.dhis2.org\/fr\/solutions\/student-staff-school\/","og_locale":"fr_FR","og_type":"article","og_title":"Gestion des \u00e9tudiants, du personnel et des \u00e9coles - DHIS2","og_description":"SEMIS est une application gratuite et open-source pour les \u00e9tudiants, le personnel et les \u00e9coles, d\u00e9velopp\u00e9e en collaboration avec les minist\u00e8res de l'\u00e9ducation des pays du Sud. Il a \u00e9t\u00e9 con\u00e7u avec et pour les pays afin de r\u00e9pondre aux exigences fondamentales en mati\u00e8re d'inscription et de gestion des \u00e9tudiants et du personnel.","og_url":"https:\/\/education.dhis2.org\/fr\/solutions\/student-staff-school\/","og_site_name":"DHIS2","og_image":[{"width":1280,"height":989,"url":"https:\/\/education.dhis2.org\/wp-content\/uploads\/SEMIS-comp-2-1280x989.png","type":"image\/png"}],"twitter_card":"summary_large_image","schema":{"@context":"https:\/\/schema.org","@graph":[{"@type":"WebPage","@id":"https:\/\/education.dhis2.org\/fr\/solutions\/student-staff-school\/","url":"https:\/\/education.dhis2.org\/fr\/solutions\/student-staff-school\/","name":"Gestion des \u00e9tudiants, du personnel et des \u00e9coles - DHIS2","isPartOf":{"@id":"https:\/\/education.dhis2.org\/fr\/#website"},"primaryImageOfPage":{"@id":"https:\/\/education.dhis2.org\/fr\/solutions\/student-staff-school\/#primaryimage"},"image":{"@id":"https:\/\/education.dhis2.org\/fr\/solutions\/student-staff-school\/#primaryimage"},"thumbnailUrl":"https:\/\/education.dhis2.org\/wp-content\/uploads\/SEMIS-comp-2.png","datePublished":"2024-11-19T12:35:27+00:00","description":"SEMIS est une application gratuite et open-source pour les \u00e9tudiants, le personnel et les \u00e9coles, d\u00e9velopp\u00e9e en collaboration avec les minist\u00e8res de l'\u00e9ducation des pays du Sud. Il a \u00e9t\u00e9 con\u00e7u avec et pour les pays afin de r\u00e9pondre aux exigences fondamentales en mati\u00e8re d'inscription et de gestion des \u00e9tudiants et du personnel.","breadcrumb":{"@id":"https:\/\/education.dhis2.org\/fr\/solutions\/student-staff-school\/#breadcrumb"},"inLanguage":"fr-FR","potentialAction":[{"@type":"ReadAction","target":["https:\/\/education.dhis2.org\/fr\/solutions\/student-staff-school\/"]}]},{"@type":"ImageObject","inLanguage":"fr-FR","@id":"https:\/\/education.dhis2.org\/fr\/solutions\/student-staff-school\/#primaryimage","url":"https:\/\/education.dhis2.org\/wp-content\/uploads\/SEMIS-comp-2.png","contentUrl":"https:\/\/education.dhis2.org\/wp-content\/uploads\/SEMIS-comp-2.png","width":3300,"height":2550},{"@type":"BreadcrumbList","@id":"https:\/\/education.dhis2.org\/fr\/solutions\/student-staff-school\/#breadcrumb","itemListElement":[{"@type":"ListItem","position":1,"name":"Hjem","item":"https:\/\/education.dhis2.org\/fr\/"},{"@type":"ListItem","position":2,"name":"Solutions","item":"https:\/\/education.dhis2.org\/fr\/solutions\/"},{"@type":"ListItem","position":3,"name":"Gestion des \u00e9tudiants, du personnel et des \u00e9coles"}]},{"@type":"WebSite","@id":"https:\/\/education.dhis2.org\/fr\/#website","url":"https:\/\/education.dhis2.org\/fr\/","name":"DHIS2","description":"","publisher":{"@id":"https:\/\/education.dhis2.org\/fr\/#organization"},"potentialAction":[{"@type":"SearchAction","target":{"@type":"EntryPoint","urlTemplate":"https:\/\/education.dhis2.org\/fr\/?s={search_term_string}"},"query-input":{"@type":"PropertyValueSpecification","valueRequired":true,"valueName":"search_term_string"}}],"inLanguage":"fr-FR"},{"@type":"Organization","@id":"https:\/\/education.dhis2.org\/fr\/#organization","name":"DHIS2","url":"https:\/\/education.dhis2.org\/fr\/","logo":{"@type":"ImageObject","inLanguage":"fr-FR","@id":"https:\/\/education.dhis2.org\/fr\/#\/schema\/logo\/image\/","url":"https:\/\/education.dhis2.org\/wp-content\/uploads\/logo.svg","contentUrl":"https:\/\/education.dhis2.org\/wp-content\/uploads\/logo.svg","caption":"DHIS2"},"image":{"@id":"https:\/\/education.dhis2.org\/fr\/#\/schema\/logo\/image\/"}}]}},"_links":{"self":[{"href":"https:\/\/education.dhis2.org\/fr\/wp-json\/wp\/v2\/pages\/20623","targetHints":{"allow":["GET"]}}],"collection":[{"href":"https:\/\/education.dhis2.org\/fr\/wp-json\/wp\/v2\/pages"}],"about":[{"href":"https:\/\/education.dhis2.org\/fr\/wp-json\/wp\/v2\/types\/page"}],"author":[{"embeddable":true,"href":"https:\/\/education.dhis2.org\/fr\/wp-json\/wp\/v2\/users\/1"}],"replies":[{"embeddable":true,"href":"https:\/\/education.dhis2.org\/fr\/wp-json\/wp\/v2\/comments?post=20623"}],"version-history":[{"count":0,"href":"https:\/\/education.dhis2.org\/fr\/wp-json\/wp\/v2\/pages\/20623\/revisions"}],"up":[{"embeddable":true,"href":"https:\/\/education.dhis2.org\/fr\/wp-json\/wp\/v2\/pages\/20619"}],"wp:featuredmedia":[{"embeddable":true,"href":"https:\/\/education.dhis2.org\/fr\/wp-json\/wp\/v2\/media\/19322"}],"wp:attachment":[{"href":"https:\/\/education.dhis2.org\/fr\/wp-json\/wp\/v2\/media?parent=20623"}],"curies":[{"name":"wp","href":"https:\/\/api.w.org\/{rel}","templated":true}]}}