 {"id":20913,"date":"2024-12-16T22:07:17","date_gmt":"2024-12-16T21:07:17","guid":{"rendered":"https:\/\/education.dhis2.org\/reforco-de-capacidades-e-comunidade\/"},"modified":"2024-12-16T22:09:07","modified_gmt":"2024-12-16T21:09:07","slug":"capacity-building","status":"publish","type":"page","link":"https:\/\/education.dhis2.org\/pt-pt\/our-approach\/capacity-building\/","title":{"rendered":"Refor\u00e7o de capacidades e comunidade"},"content":{"rendered":"","protected":false},"excerpt":{"rendered":"<p class=\"lead\">A sustentabilidade do DHIS2 for Education \u00e9 apoiada pelo refor\u00e7o das capacidades locais e regionais do DHIS2 e pelo apoio do DHIS2 global Comunidade de Pr\u00e1tica.<\/p>\n","protected":false},"author":18,"featured_media":19394,"parent":20973,"menu_order":0,"comment_status":"closed","ping_status":"closed","template":"","meta":{"_acf_changed":false,"inline_featured_image":false,"footnotes":""},"class_list":["post-20913","page","type-page","status-publish","has-post-thumbnail","hentry"],"acf":[],"yoast_head":"<!-- This site is optimized with the Yoast SEO plugin v27.2 - https:\/\/yoast.com\/product\/yoast-seo-wordpress\/ -->\n<title>Refor\u00e7o de capacidades e comunidade - DHIS2<\/title>\n<meta name=\"description\" content=\"A sustentabilidade do DHIS2 for Education \u00e9 apoiada pelo refor\u00e7o das capacidades locais e regionais do DHIS2 e pelo apoio do DHIS2 global Comunidade de Pr\u00e1tica.\" \/>\n<meta name=\"robots\" content=\"index, follow, max-snippet:-1, max-image-preview:large, max-video-preview:-1\" \/>\n<link rel=\"canonical\" href=\"https:\/\/education.dhis2.org\/pt-pt\/our-approach\/capacity-building\/\" \/>\n<meta property=\"og:locale\" content=\"pt_PT\" \/>\n<meta property=\"og:type\" content=\"article\" \/>\n<meta property=\"og:title\" content=\"Refor\u00e7o de capacidades e comunidade - DHIS2\" \/>\n<meta property=\"og:description\" content=\"A sustentabilidade do DHIS2 for Education \u00e9 apoiada pelo refor\u00e7o das capacidades locais e regionais do DHIS2 e pelo apoio do DHIS2 global Comunidade de Pr\u00e1tica.\" \/>\n<meta property=\"og:url\" content=\"https:\/\/education.dhis2.org\/pt-pt\/our-approach\/capacity-building\/\" \/>\n<meta property=\"og:site_name\" content=\"DHIS2\" \/>\n<meta property=\"article:modified_time\" content=\"2024-12-16T21:09:07+00:00\" \/>\n<meta property=\"og:image\" content=\"https:\/\/education.dhis2.org\/wp-content\/uploads\/dhis2-conference-2024-scaled.jpg\" \/>\n\t<meta property=\"og:image:width\" content=\"2048\" \/>\n\t<meta property=\"og:image:height\" content=\"893\" \/>\n\t<meta property=\"og:image:type\" content=\"image\/jpeg\" \/>\n<meta name=\"twitter:card\" content=\"summary_large_image\" \/>\n<script type=\"application\/ld+json\" class=\"yoast-schema-graph\">{\"@context\":\"https:\/\/schema.org\",\"@graph\":[{\"@type\":\"WebPage\",\"@id\":\"https:\/\/education.dhis2.org\/pt-pt\/our-approach\/capacity-building\/\",\"url\":\"https:\/\/education.dhis2.org\/pt-pt\/our-approach\/capacity-building\/\",\"name\":\"Refor\u00e7o de capacidades e comunidade - DHIS2\",\"isPartOf\":{\"@id\":\"https:\/\/education.dhis2.org\/pt-pt\/#website\"},\"primaryImageOfPage\":{\"@id\":\"https:\/\/education.dhis2.org\/pt-pt\/our-approach\/capacity-building\/#primaryimage\"},\"image\":{\"@id\":\"https:\/\/education.dhis2.org\/pt-pt\/our-approach\/capacity-building\/#primaryimage\"},\"thumbnailUrl\":\"https:\/\/education.dhis2.org\/wp-content\/uploads\/dhis2-conference-2024-scaled.jpg\",\"datePublished\":\"2024-12-16T21:07:17+00:00\",\"dateModified\":\"2024-12-16T21:09:07+00:00\",\"description\":\"A sustentabilidade do DHIS2 for Education \u00e9 apoiada pelo refor\u00e7o das capacidades locais e regionais do DHIS2 e pelo apoio do DHIS2 global Comunidade de Pr\u00e1tica.\",\"breadcrumb\":{\"@id\":\"https:\/\/education.dhis2.org\/pt-pt\/our-approach\/capacity-building\/#breadcrumb\"},\"inLanguage\":\"pt-PT\",\"potentialAction\":[{\"@type\":\"ReadAction\",\"target\":[\"https:\/\/education.dhis2.org\/pt-pt\/our-approach\/capacity-building\/\"]}]},{\"@type\":\"ImageObject\",\"inLanguage\":\"pt-PT\",\"@id\":\"https:\/\/education.dhis2.org\/pt-pt\/our-approach\/capacity-building\/#primaryimage\",\"url\":\"https:\/\/education.dhis2.org\/wp-content\/uploads\/dhis2-conference-2024-scaled.jpg\",\"contentUrl\":\"https:\/\/education.dhis2.org\/wp-content\/uploads\/dhis2-conference-2024-scaled.jpg\",\"width\":2048,\"height\":893},{\"@type\":\"BreadcrumbList\",\"@id\":\"https:\/\/education.dhis2.org\/pt-pt\/our-approach\/capacity-building\/#breadcrumb\",\"itemListElement\":[{\"@type\":\"ListItem\",\"position\":1,\"name\":\"Hjem\",\"item\":\"https:\/\/education.dhis2.org\/pt-pt\/\"},{\"@type\":\"ListItem\",\"position\":2,\"name\":\"A nossa abordagem\",\"item\":\"https:\/\/education.dhis2.org\/pt-pt\/a-nossa-abordagem\/\"},{\"@type\":\"ListItem\",\"position\":3,\"name\":\"Refor\u00e7o de capacidades e comunidade\"}]},{\"@type\":\"WebSite\",\"@id\":\"https:\/\/education.dhis2.org\/pt-pt\/#website\",\"url\":\"https:\/\/education.dhis2.org\/pt-pt\/\",\"name\":\"DHIS2\",\"description\":\"\",\"publisher\":{\"@id\":\"https:\/\/education.dhis2.org\/pt-pt\/#organization\"},\"potentialAction\":[{\"@type\":\"SearchAction\",\"target\":{\"@type\":\"EntryPoint\",\"urlTemplate\":\"https:\/\/education.dhis2.org\/pt-pt\/?s={search_term_string}\"},\"query-input\":{\"@type\":\"PropertyValueSpecification\",\"valueRequired\":true,\"valueName\":\"search_term_string\"}}],\"inLanguage\":\"pt-PT\"},{\"@type\":\"Organization\",\"@id\":\"https:\/\/education.dhis2.org\/pt-pt\/#organization\",\"name\":\"DHIS2\",\"url\":\"https:\/\/education.dhis2.org\/pt-pt\/\",\"logo\":{\"@type\":\"ImageObject\",\"inLanguage\":\"pt-PT\",\"@id\":\"https:\/\/education.dhis2.org\/pt-pt\/#\/schema\/logo\/image\/\",\"url\":\"https:\/\/education.dhis2.org\/wp-content\/uploads\/logo.svg\",\"contentUrl\":\"https:\/\/education.dhis2.org\/wp-content\/uploads\/logo.svg\",\"caption\":\"DHIS2\"},\"image\":{\"@id\":\"https:\/\/education.dhis2.org\/pt-pt\/#\/schema\/logo\/image\/\"}}]}<\/script>\n<!-- \/ Yoast SEO plugin. -->","yoast_head_json":{"title":"Refor\u00e7o de capacidades e comunidade - DHIS2","description":"A sustentabilidade do DHIS2 for Education \u00e9 apoiada pelo refor\u00e7o das capacidades locais e regionais do DHIS2 e pelo apoio do DHIS2 global Comunidade de Pr\u00e1tica.","robots":{"index":"index","follow":"follow","max-snippet":"max-snippet:-1","max-image-preview":"max-image-preview:large","max-video-preview":"max-video-preview:-1"},"canonical":"https:\/\/education.dhis2.org\/pt-pt\/our-approach\/capacity-building\/","og_locale":"pt_PT","og_type":"article","og_title":"Refor\u00e7o de capacidades e comunidade - DHIS2","og_description":"A sustentabilidade do DHIS2 for Education \u00e9 apoiada pelo refor\u00e7o das capacidades locais e regionais do DHIS2 e pelo apoio do DHIS2 global Comunidade de Pr\u00e1tica.","og_url":"https:\/\/education.dhis2.org\/pt-pt\/our-approach\/capacity-building\/","og_site_name":"DHIS2","article_modified_time":"2024-12-16T21:09:07+00:00","og_image":[{"width":2048,"height":893,"url":"https:\/\/education.dhis2.org\/wp-content\/uploads\/dhis2-conference-2024-scaled.jpg","type":"image\/jpeg"}],"twitter_card":"summary_large_image","schema":{"@context":"https:\/\/schema.org","@graph":[{"@type":"WebPage","@id":"https:\/\/education.dhis2.org\/pt-pt\/our-approach\/capacity-building\/","url":"https:\/\/education.dhis2.org\/pt-pt\/our-approach\/capacity-building\/","name":"Refor\u00e7o de capacidades e comunidade - DHIS2","isPartOf":{"@id":"https:\/\/education.dhis2.org\/pt-pt\/#website"},"primaryImageOfPage":{"@id":"https:\/\/education.dhis2.org\/pt-pt\/our-approach\/capacity-building\/#primaryimage"},"image":{"@id":"https:\/\/education.dhis2.org\/pt-pt\/our-approach\/capacity-building\/#primaryimage"},"thumbnailUrl":"https:\/\/education.dhis2.org\/wp-content\/uploads\/dhis2-conference-2024-scaled.jpg","datePublished":"2024-12-16T21:07:17+00:00","dateModified":"2024-12-16T21:09:07+00:00","description":"A sustentabilidade do DHIS2 for Education \u00e9 apoiada pelo refor\u00e7o das capacidades locais e regionais do DHIS2 e pelo apoio do DHIS2 global Comunidade de Pr\u00e1tica.","breadcrumb":{"@id":"https:\/\/education.dhis2.org\/pt-pt\/our-approach\/capacity-building\/#breadcrumb"},"inLanguage":"pt-PT","potentialAction":[{"@type":"ReadAction","target":["https:\/\/education.dhis2.org\/pt-pt\/our-approach\/capacity-building\/"]}]},{"@type":"ImageObject","inLanguage":"pt-PT","@id":"https:\/\/education.dhis2.org\/pt-pt\/our-approach\/capacity-building\/#primaryimage","url":"https:\/\/education.dhis2.org\/wp-content\/uploads\/dhis2-conference-2024-scaled.jpg","contentUrl":"https:\/\/education.dhis2.org\/wp-content\/uploads\/dhis2-conference-2024-scaled.jpg","width":2048,"height":893},{"@type":"BreadcrumbList","@id":"https:\/\/education.dhis2.org\/pt-pt\/our-approach\/capacity-building\/#breadcrumb","itemListElement":[{"@type":"ListItem","position":1,"name":"Hjem","item":"https:\/\/education.dhis2.org\/pt-pt\/"},{"@type":"ListItem","position":2,"name":"A nossa abordagem","item":"https:\/\/education.dhis2.org\/pt-pt\/a-nossa-abordagem\/"},{"@type":"ListItem","position":3,"name":"Refor\u00e7o de capacidades e comunidade"}]},{"@type":"WebSite","@id":"https:\/\/education.dhis2.org\/pt-pt\/#website","url":"https:\/\/education.dhis2.org\/pt-pt\/","name":"DHIS2","description":"","publisher":{"@id":"https:\/\/education.dhis2.org\/pt-pt\/#organization"},"potentialAction":[{"@type":"SearchAction","target":{"@type":"EntryPoint","urlTemplate":"https:\/\/education.dhis2.org\/pt-pt\/?s={search_term_string}"},"query-input":{"@type":"PropertyValueSpecification","valueRequired":true,"valueName":"search_term_string"}}],"inLanguage":"pt-PT"},{"@type":"Organization","@id":"https:\/\/education.dhis2.org\/pt-pt\/#organization","name":"DHIS2","url":"https:\/\/education.dhis2.org\/pt-pt\/","logo":{"@type":"ImageObject","inLanguage":"pt-PT","@id":"https:\/\/education.dhis2.org\/pt-pt\/#\/schema\/logo\/image\/","url":"https:\/\/education.dhis2.org\/wp-content\/uploads\/logo.svg","contentUrl":"https:\/\/education.dhis2.org\/wp-content\/uploads\/logo.svg","caption":"DHIS2"},"image":{"@id":"https:\/\/education.dhis2.org\/pt-pt\/#\/schema\/logo\/image\/"}}]}},"_links":{"self":[{"href":"https:\/\/education.dhis2.org\/pt-pt\/wp-json\/wp\/v2\/pages\/20913","targetHints":{"allow":["GET"]}}],"collection":[{"href":"https:\/\/education.dhis2.org\/pt-pt\/wp-json\/wp\/v2\/pages"}],"about":[{"href":"https:\/\/education.dhis2.org\/pt-pt\/wp-json\/wp\/v2\/types\/page"}],"author":[{"embeddable":true,"href":"https:\/\/education.dhis2.org\/pt-pt\/wp-json\/wp\/v2\/users\/18"}],"replies":[{"embeddable":true,"href":"https:\/\/education.dhis2.org\/pt-pt\/wp-json\/wp\/v2\/comments?post=20913"}],"version-history":[{"count":1,"href":"https:\/\/education.dhis2.org\/pt-pt\/wp-json\/wp\/v2\/pages\/20913\/revisions"}],"predecessor-version":[{"id":20974,"href":"https:\/\/education.dhis2.org\/pt-pt\/wp-json\/wp\/v2\/pages\/20913\/revisions\/20974"}],"up":[{"embeddable":true,"href":"https:\/\/education.dhis2.org\/pt-pt\/wp-json\/wp\/v2\/pages\/20973"}],"wp:featuredmedia":[{"embeddable":true,"href":"https:\/\/education.dhis2.org\/pt-pt\/wp-json\/wp\/v2\/media\/19394"}],"wp:attachment":[{"href":"https:\/\/education.dhis2.org\/pt-pt\/wp-json\/wp\/v2\/media?parent=20913"}],"curies":[{"name":"wp","href":"https:\/\/api.w.org\/{rel}","templated":true}]}}