 {"id":20942,"date":"2024-12-16T22:08:10","date_gmt":"2024-12-16T21:08:10","guid":{"rendered":"https:\/\/education.dhis2.org\/teste-de-iniciacao\/"},"modified":"2024-12-16T22:08:10","modified_gmt":"2024-12-16T21:08:10","slug":"get-started-test","status":"publish","type":"page","link":"https:\/\/education.dhis2.org\/pt-pt\/get-started-test\/","title":{"rendered":"Teste de inicia\u00e7\u00e3o"},"content":{"rendered":"","protected":false},"excerpt":{"rendered":"<p class=\"lead\">Navegue pelas solu\u00e7\u00f5es DHIS2 for Education, explore a nossa demonstra\u00e7\u00e3o interactiva e o nosso material de forma\u00e7\u00e3o, e contacte-nos para come\u00e7ar o seu projeto educativo.<\/p>\n","protected":false},"author":17,"featured_media":0,"parent":0,"menu_order":0,"comment_status":"closed","ping_status":"closed","template":"","meta":{"_acf_changed":false,"inline_featured_image":false,"footnotes":""},"class_list":["post-20942","page","type-page","status-publish","hentry"],"acf":[],"yoast_head":"<!-- This site is optimized with the Yoast SEO plugin v27.3 - https:\/\/yoast.com\/product\/yoast-seo-wordpress\/ -->\n<title>Teste de inicia\u00e7\u00e3o - DHIS2<\/title>\n<meta name=\"description\" content=\"Navegue pelas solu\u00e7\u00f5es DHIS2 for Education, explore a nossa demonstra\u00e7\u00e3o interactiva e o nosso material de forma\u00e7\u00e3o, e contacte-nos para come\u00e7ar o seu projeto educativo.\" \/>\n<meta name=\"robots\" content=\"index, follow, max-snippet:-1, max-image-preview:large, max-video-preview:-1\" \/>\n<link rel=\"canonical\" href=\"https:\/\/education.dhis2.org\/pt-pt\/get-started-test\/\" \/>\n<meta property=\"og:locale\" content=\"pt_PT\" \/>\n<meta property=\"og:type\" content=\"article\" \/>\n<meta property=\"og:title\" content=\"Teste de inicia\u00e7\u00e3o - DHIS2\" \/>\n<meta property=\"og:description\" content=\"Navegue pelas solu\u00e7\u00f5es DHIS2 for Education, explore a nossa demonstra\u00e7\u00e3o interactiva e o nosso material de forma\u00e7\u00e3o, e contacte-nos para come\u00e7ar o seu projeto educativo.\" \/>\n<meta property=\"og:url\" content=\"https:\/\/education.dhis2.org\/pt-pt\/get-started-test\/\" \/>\n<meta property=\"og:site_name\" content=\"DHIS2\" \/>\n<meta name=\"twitter:card\" content=\"summary_large_image\" \/>\n<script type=\"application\/ld+json\" class=\"yoast-schema-graph\">{\"@context\":\"https:\\\/\\\/schema.org\",\"@graph\":[{\"@type\":\"WebPage\",\"@id\":\"https:\\\/\\\/education.dhis2.org\\\/pt-pt\\\/get-started-test\\\/\",\"url\":\"https:\\\/\\\/education.dhis2.org\\\/pt-pt\\\/get-started-test\\\/\",\"name\":\"Teste de inicia\u00e7\u00e3o - DHIS2\",\"isPartOf\":{\"@id\":\"https:\\\/\\\/education.dhis2.org\\\/pt-pt\\\/#website\"},\"datePublished\":\"2024-12-16T21:08:10+00:00\",\"description\":\"Navegue pelas solu\u00e7\u00f5es DHIS2 for Education, explore a nossa demonstra\u00e7\u00e3o interactiva e o nosso material de forma\u00e7\u00e3o, e contacte-nos para come\u00e7ar o seu projeto educativo.\",\"breadcrumb\":{\"@id\":\"https:\\\/\\\/education.dhis2.org\\\/pt-pt\\\/get-started-test\\\/#breadcrumb\"},\"inLanguage\":\"pt-PT\",\"potentialAction\":[{\"@type\":\"ReadAction\",\"target\":[\"https:\\\/\\\/education.dhis2.org\\\/pt-pt\\\/get-started-test\\\/\"]}]},{\"@type\":\"BreadcrumbList\",\"@id\":\"https:\\\/\\\/education.dhis2.org\\\/pt-pt\\\/get-started-test\\\/#breadcrumb\",\"itemListElement\":[{\"@type\":\"ListItem\",\"position\":1,\"name\":\"Hjem\",\"item\":\"https:\\\/\\\/education.dhis2.org\\\/pt-pt\\\/\"},{\"@type\":\"ListItem\",\"position\":2,\"name\":\"Teste de inicia\u00e7\u00e3o\"}]},{\"@type\":\"WebSite\",\"@id\":\"https:\\\/\\\/education.dhis2.org\\\/pt-pt\\\/#website\",\"url\":\"https:\\\/\\\/education.dhis2.org\\\/pt-pt\\\/\",\"name\":\"DHIS2\",\"description\":\"\",\"publisher\":{\"@id\":\"https:\\\/\\\/education.dhis2.org\\\/pt-pt\\\/#organization\"},\"potentialAction\":[{\"@type\":\"SearchAction\",\"target\":{\"@type\":\"EntryPoint\",\"urlTemplate\":\"https:\\\/\\\/education.dhis2.org\\\/pt-pt\\\/?s={search_term_string}\"},\"query-input\":{\"@type\":\"PropertyValueSpecification\",\"valueRequired\":true,\"valueName\":\"search_term_string\"}}],\"inLanguage\":\"pt-PT\"},{\"@type\":\"Organization\",\"@id\":\"https:\\\/\\\/education.dhis2.org\\\/pt-pt\\\/#organization\",\"name\":\"DHIS2\",\"url\":\"https:\\\/\\\/education.dhis2.org\\\/pt-pt\\\/\",\"logo\":{\"@type\":\"ImageObject\",\"inLanguage\":\"pt-PT\",\"@id\":\"https:\\\/\\\/education.dhis2.org\\\/pt-pt\\\/#\\\/schema\\\/logo\\\/image\\\/\",\"url\":\"https:\\\/\\\/education.dhis2.org\\\/wp-content\\\/uploads\\\/logo.svg\",\"contentUrl\":\"https:\\\/\\\/education.dhis2.org\\\/wp-content\\\/uploads\\\/logo.svg\",\"caption\":\"DHIS2\"},\"image\":{\"@id\":\"https:\\\/\\\/education.dhis2.org\\\/pt-pt\\\/#\\\/schema\\\/logo\\\/image\\\/\"}}]}<\/script>\n<!-- \/ Yoast SEO plugin. -->","yoast_head_json":{"title":"Teste de inicia\u00e7\u00e3o - DHIS2","description":"Navegue pelas solu\u00e7\u00f5es DHIS2 for Education, explore a nossa demonstra\u00e7\u00e3o interactiva e o nosso material de forma\u00e7\u00e3o, e contacte-nos para come\u00e7ar o seu projeto educativo.","robots":{"index":"index","follow":"follow","max-snippet":"max-snippet:-1","max-image-preview":"max-image-preview:large","max-video-preview":"max-video-preview:-1"},"canonical":"https:\/\/education.dhis2.org\/pt-pt\/get-started-test\/","og_locale":"pt_PT","og_type":"article","og_title":"Teste de inicia\u00e7\u00e3o - DHIS2","og_description":"Navegue pelas solu\u00e7\u00f5es DHIS2 for Education, explore a nossa demonstra\u00e7\u00e3o interactiva e o nosso material de forma\u00e7\u00e3o, e contacte-nos para come\u00e7ar o seu projeto educativo.","og_url":"https:\/\/education.dhis2.org\/pt-pt\/get-started-test\/","og_site_name":"DHIS2","twitter_card":"summary_large_image","schema":{"@context":"https:\/\/schema.org","@graph":[{"@type":"WebPage","@id":"https:\/\/education.dhis2.org\/pt-pt\/get-started-test\/","url":"https:\/\/education.dhis2.org\/pt-pt\/get-started-test\/","name":"Teste de inicia\u00e7\u00e3o - DHIS2","isPartOf":{"@id":"https:\/\/education.dhis2.org\/pt-pt\/#website"},"datePublished":"2024-12-16T21:08:10+00:00","description":"Navegue pelas solu\u00e7\u00f5es DHIS2 for Education, explore a nossa demonstra\u00e7\u00e3o interactiva e o nosso material de forma\u00e7\u00e3o, e contacte-nos para come\u00e7ar o seu projeto educativo.","breadcrumb":{"@id":"https:\/\/education.dhis2.org\/pt-pt\/get-started-test\/#breadcrumb"},"inLanguage":"pt-PT","potentialAction":[{"@type":"ReadAction","target":["https:\/\/education.dhis2.org\/pt-pt\/get-started-test\/"]}]},{"@type":"BreadcrumbList","@id":"https:\/\/education.dhis2.org\/pt-pt\/get-started-test\/#breadcrumb","itemListElement":[{"@type":"ListItem","position":1,"name":"Hjem","item":"https:\/\/education.dhis2.org\/pt-pt\/"},{"@type":"ListItem","position":2,"name":"Teste de inicia\u00e7\u00e3o"}]},{"@type":"WebSite","@id":"https:\/\/education.dhis2.org\/pt-pt\/#website","url":"https:\/\/education.dhis2.org\/pt-pt\/","name":"DHIS2","description":"","publisher":{"@id":"https:\/\/education.dhis2.org\/pt-pt\/#organization"},"potentialAction":[{"@type":"SearchAction","target":{"@type":"EntryPoint","urlTemplate":"https:\/\/education.dhis2.org\/pt-pt\/?s={search_term_string}"},"query-input":{"@type":"PropertyValueSpecification","valueRequired":true,"valueName":"search_term_string"}}],"inLanguage":"pt-PT"},{"@type":"Organization","@id":"https:\/\/education.dhis2.org\/pt-pt\/#organization","name":"DHIS2","url":"https:\/\/education.dhis2.org\/pt-pt\/","logo":{"@type":"ImageObject","inLanguage":"pt-PT","@id":"https:\/\/education.dhis2.org\/pt-pt\/#\/schema\/logo\/image\/","url":"https:\/\/education.dhis2.org\/wp-content\/uploads\/logo.svg","contentUrl":"https:\/\/education.dhis2.org\/wp-content\/uploads\/logo.svg","caption":"DHIS2"},"image":{"@id":"https:\/\/education.dhis2.org\/pt-pt\/#\/schema\/logo\/image\/"}}]}},"_links":{"self":[{"href":"https:\/\/education.dhis2.org\/pt-pt\/wp-json\/wp\/v2\/pages\/20942","targetHints":{"allow":["GET"]}}],"collection":[{"href":"https:\/\/education.dhis2.org\/pt-pt\/wp-json\/wp\/v2\/pages"}],"about":[{"href":"https:\/\/education.dhis2.org\/pt-pt\/wp-json\/wp\/v2\/types\/page"}],"author":[{"embeddable":true,"href":"https:\/\/education.dhis2.org\/pt-pt\/wp-json\/wp\/v2\/users\/17"}],"replies":[{"embeddable":true,"href":"https:\/\/education.dhis2.org\/pt-pt\/wp-json\/wp\/v2\/comments?post=20942"}],"version-history":[{"count":0,"href":"https:\/\/education.dhis2.org\/pt-pt\/wp-json\/wp\/v2\/pages\/20942\/revisions"}],"wp:attachment":[{"href":"https:\/\/education.dhis2.org\/pt-pt\/wp-json\/wp\/v2\/media?parent=20942"}],"curies":[{"name":"wp","href":"https:\/\/api.w.org\/{rel}","templated":true}]}}