 {"id":20972,"date":"2024-12-16T22:09:06","date_gmt":"2024-12-16T21:09:06","guid":{"rendered":"https:\/\/education.dhis2.org\/programas-de-saude-baseados-na-escola\/"},"modified":"2024-12-16T22:09:14","modified_gmt":"2024-12-16T21:09:14","slug":"school-based-health","status":"publish","type":"page","link":"https:\/\/education.dhis2.org\/pt-pt\/solutions\/school-based-health\/","title":{"rendered":"Programas de sa\u00fade baseados na escola"},"content":{"rendered":"","protected":false},"excerpt":{"rendered":"<p class=\"lead\">Melhorar a efic\u00e1cia dos programas de vigil\u00e2ncia da sa\u00fade e nutri\u00e7\u00e3o nas escolas atrav\u00e9s da partilha de dados intersectoriais.<\/p>\n","protected":false},"author":18,"featured_media":19673,"parent":20982,"menu_order":0,"comment_status":"closed","ping_status":"closed","template":"","meta":{"_acf_changed":false,"inline_featured_image":false,"footnotes":""},"class_list":["post-20972","page","type-page","status-publish","has-post-thumbnail","hentry"],"acf":[],"yoast_head":"<!-- This site is optimized with the Yoast SEO plugin v27.4 - https:\/\/yoast.com\/product\/yoast-seo-wordpress\/ -->\n<title>Programas de sa\u00fade baseados na escola - DHIS2<\/title>\n<meta name=\"robots\" content=\"index, follow, max-snippet:-1, max-image-preview:large, max-video-preview:-1\" \/>\n<link rel=\"canonical\" href=\"https:\/\/education.dhis2.org\/pt-pt\/solutions\/school-based-health\/\" \/>\n<meta property=\"og:locale\" content=\"pt_PT\" \/>\n<meta property=\"og:type\" content=\"article\" \/>\n<meta property=\"og:title\" content=\"Programas de sa\u00fade baseados na escola - DHIS2\" \/>\n<meta property=\"og:description\" content=\"Melhorar a efic\u00e1cia dos programas de vigil\u00e2ncia da sa\u00fade e nutri\u00e7\u00e3o nas escolas atrav\u00e9s da partilha de dados intersectoriais.\" \/>\n<meta property=\"og:url\" content=\"https:\/\/education.dhis2.org\/pt-pt\/solutions\/school-based-health\/\" \/>\n<meta property=\"og:site_name\" content=\"DHIS2\" \/>\n<meta property=\"article:modified_time\" content=\"2024-12-16T21:09:14+00:00\" \/>\n<meta property=\"og:image\" content=\"https:\/\/education.dhis2.org\/wp-content\/uploads\/school-based-health-1.png\" \/>\n\t<meta property=\"og:image:width\" content=\"2048\" \/>\n\t<meta property=\"og:image:height\" content=\"1448\" \/>\n\t<meta property=\"og:image:type\" content=\"image\/png\" \/>\n<meta name=\"twitter:card\" content=\"summary_large_image\" \/>\n<script type=\"application\/ld+json\" class=\"yoast-schema-graph\">{\"@context\":\"https:\\\/\\\/schema.org\",\"@graph\":[{\"@type\":\"WebPage\",\"@id\":\"https:\\\/\\\/education.dhis2.org\\\/pt-pt\\\/solutions\\\/school-based-health\\\/\",\"url\":\"https:\\\/\\\/education.dhis2.org\\\/pt-pt\\\/solutions\\\/school-based-health\\\/\",\"name\":\"Programas de sa\u00fade baseados na escola - DHIS2\",\"isPartOf\":{\"@id\":\"https:\\\/\\\/education.dhis2.org\\\/pt-pt\\\/#website\"},\"primaryImageOfPage\":{\"@id\":\"https:\\\/\\\/education.dhis2.org\\\/pt-pt\\\/solutions\\\/school-based-health\\\/#primaryimage\"},\"image\":{\"@id\":\"https:\\\/\\\/education.dhis2.org\\\/pt-pt\\\/solutions\\\/school-based-health\\\/#primaryimage\"},\"thumbnailUrl\":\"https:\\\/\\\/education.dhis2.org\\\/wp-content\\\/uploads\\\/school-based-health-1.png\",\"datePublished\":\"2024-12-16T21:09:06+00:00\",\"dateModified\":\"2024-12-16T21:09:14+00:00\",\"breadcrumb\":{\"@id\":\"https:\\\/\\\/education.dhis2.org\\\/pt-pt\\\/solutions\\\/school-based-health\\\/#breadcrumb\"},\"inLanguage\":\"pt-PT\",\"potentialAction\":[{\"@type\":\"ReadAction\",\"target\":[\"https:\\\/\\\/education.dhis2.org\\\/pt-pt\\\/solutions\\\/school-based-health\\\/\"]}]},{\"@type\":\"ImageObject\",\"inLanguage\":\"pt-PT\",\"@id\":\"https:\\\/\\\/education.dhis2.org\\\/pt-pt\\\/solutions\\\/school-based-health\\\/#primaryimage\",\"url\":\"https:\\\/\\\/education.dhis2.org\\\/wp-content\\\/uploads\\\/school-based-health-1.png\",\"contentUrl\":\"https:\\\/\\\/education.dhis2.org\\\/wp-content\\\/uploads\\\/school-based-health-1.png\",\"width\":2048,\"height\":1448},{\"@type\":\"BreadcrumbList\",\"@id\":\"https:\\\/\\\/education.dhis2.org\\\/pt-pt\\\/solutions\\\/school-based-health\\\/#breadcrumb\",\"itemListElement\":[{\"@type\":\"ListItem\",\"position\":1,\"name\":\"Hjem\",\"item\":\"https:\\\/\\\/education.dhis2.org\\\/pt-pt\\\/\"},{\"@type\":\"ListItem\",\"position\":2,\"name\":\"Programas de sa\u00fade baseados na escola\"}]},{\"@type\":\"WebSite\",\"@id\":\"https:\\\/\\\/education.dhis2.org\\\/pt-pt\\\/#website\",\"url\":\"https:\\\/\\\/education.dhis2.org\\\/pt-pt\\\/\",\"name\":\"DHIS2\",\"description\":\"\",\"publisher\":{\"@id\":\"https:\\\/\\\/education.dhis2.org\\\/pt-pt\\\/#organization\"},\"potentialAction\":[{\"@type\":\"SearchAction\",\"target\":{\"@type\":\"EntryPoint\",\"urlTemplate\":\"https:\\\/\\\/education.dhis2.org\\\/pt-pt\\\/?s={search_term_string}\"},\"query-input\":{\"@type\":\"PropertyValueSpecification\",\"valueRequired\":true,\"valueName\":\"search_term_string\"}}],\"inLanguage\":\"pt-PT\"},{\"@type\":\"Organization\",\"@id\":\"https:\\\/\\\/education.dhis2.org\\\/pt-pt\\\/#organization\",\"name\":\"DHIS2\",\"url\":\"https:\\\/\\\/education.dhis2.org\\\/pt-pt\\\/\",\"logo\":{\"@type\":\"ImageObject\",\"inLanguage\":\"pt-PT\",\"@id\":\"https:\\\/\\\/education.dhis2.org\\\/pt-pt\\\/#\\\/schema\\\/logo\\\/image\\\/\",\"url\":\"https:\\\/\\\/education.dhis2.org\\\/wp-content\\\/uploads\\\/logo.svg\",\"contentUrl\":\"https:\\\/\\\/education.dhis2.org\\\/wp-content\\\/uploads\\\/logo.svg\",\"caption\":\"DHIS2\"},\"image\":{\"@id\":\"https:\\\/\\\/education.dhis2.org\\\/pt-pt\\\/#\\\/schema\\\/logo\\\/image\\\/\"}}]}<\/script>\n<!-- \/ Yoast SEO plugin. -->","yoast_head_json":{"title":"Programas de sa\u00fade baseados na escola - DHIS2","robots":{"index":"index","follow":"follow","max-snippet":"max-snippet:-1","max-image-preview":"max-image-preview:large","max-video-preview":"max-video-preview:-1"},"canonical":"https:\/\/education.dhis2.org\/pt-pt\/solutions\/school-based-health\/","og_locale":"pt_PT","og_type":"article","og_title":"Programas de sa\u00fade baseados na escola - DHIS2","og_description":"Melhorar a efic\u00e1cia dos programas de vigil\u00e2ncia da sa\u00fade e nutri\u00e7\u00e3o nas escolas atrav\u00e9s da partilha de dados intersectoriais.","og_url":"https:\/\/education.dhis2.org\/pt-pt\/solutions\/school-based-health\/","og_site_name":"DHIS2","article_modified_time":"2024-12-16T21:09:14+00:00","og_image":[{"width":2048,"height":1448,"url":"https:\/\/education.dhis2.org\/wp-content\/uploads\/school-based-health-1.png","type":"image\/png"}],"twitter_card":"summary_large_image","schema":{"@context":"https:\/\/schema.org","@graph":[{"@type":"WebPage","@id":"https:\/\/education.dhis2.org\/pt-pt\/solutions\/school-based-health\/","url":"https:\/\/education.dhis2.org\/pt-pt\/solutions\/school-based-health\/","name":"Programas de sa\u00fade baseados na escola - DHIS2","isPartOf":{"@id":"https:\/\/education.dhis2.org\/pt-pt\/#website"},"primaryImageOfPage":{"@id":"https:\/\/education.dhis2.org\/pt-pt\/solutions\/school-based-health\/#primaryimage"},"image":{"@id":"https:\/\/education.dhis2.org\/pt-pt\/solutions\/school-based-health\/#primaryimage"},"thumbnailUrl":"https:\/\/education.dhis2.org\/wp-content\/uploads\/school-based-health-1.png","datePublished":"2024-12-16T21:09:06+00:00","dateModified":"2024-12-16T21:09:14+00:00","breadcrumb":{"@id":"https:\/\/education.dhis2.org\/pt-pt\/solutions\/school-based-health\/#breadcrumb"},"inLanguage":"pt-PT","potentialAction":[{"@type":"ReadAction","target":["https:\/\/education.dhis2.org\/pt-pt\/solutions\/school-based-health\/"]}]},{"@type":"ImageObject","inLanguage":"pt-PT","@id":"https:\/\/education.dhis2.org\/pt-pt\/solutions\/school-based-health\/#primaryimage","url":"https:\/\/education.dhis2.org\/wp-content\/uploads\/school-based-health-1.png","contentUrl":"https:\/\/education.dhis2.org\/wp-content\/uploads\/school-based-health-1.png","width":2048,"height":1448},{"@type":"BreadcrumbList","@id":"https:\/\/education.dhis2.org\/pt-pt\/solutions\/school-based-health\/#breadcrumb","itemListElement":[{"@type":"ListItem","position":1,"name":"Hjem","item":"https:\/\/education.dhis2.org\/pt-pt\/"},{"@type":"ListItem","position":2,"name":"Programas de sa\u00fade baseados na escola"}]},{"@type":"WebSite","@id":"https:\/\/education.dhis2.org\/pt-pt\/#website","url":"https:\/\/education.dhis2.org\/pt-pt\/","name":"DHIS2","description":"","publisher":{"@id":"https:\/\/education.dhis2.org\/pt-pt\/#organization"},"potentialAction":[{"@type":"SearchAction","target":{"@type":"EntryPoint","urlTemplate":"https:\/\/education.dhis2.org\/pt-pt\/?s={search_term_string}"},"query-input":{"@type":"PropertyValueSpecification","valueRequired":true,"valueName":"search_term_string"}}],"inLanguage":"pt-PT"},{"@type":"Organization","@id":"https:\/\/education.dhis2.org\/pt-pt\/#organization","name":"DHIS2","url":"https:\/\/education.dhis2.org\/pt-pt\/","logo":{"@type":"ImageObject","inLanguage":"pt-PT","@id":"https:\/\/education.dhis2.org\/pt-pt\/#\/schema\/logo\/image\/","url":"https:\/\/education.dhis2.org\/wp-content\/uploads\/logo.svg","contentUrl":"https:\/\/education.dhis2.org\/wp-content\/uploads\/logo.svg","caption":"DHIS2"},"image":{"@id":"https:\/\/education.dhis2.org\/pt-pt\/#\/schema\/logo\/image\/"}}]}},"_links":{"self":[{"href":"https:\/\/education.dhis2.org\/pt-pt\/wp-json\/wp\/v2\/pages\/20972","targetHints":{"allow":["GET"]}}],"collection":[{"href":"https:\/\/education.dhis2.org\/pt-pt\/wp-json\/wp\/v2\/pages"}],"about":[{"href":"https:\/\/education.dhis2.org\/pt-pt\/wp-json\/wp\/v2\/types\/page"}],"author":[{"embeddable":true,"href":"https:\/\/education.dhis2.org\/pt-pt\/wp-json\/wp\/v2\/users\/18"}],"replies":[{"embeddable":true,"href":"https:\/\/education.dhis2.org\/pt-pt\/wp-json\/wp\/v2\/comments?post=20972"}],"version-history":[{"count":1,"href":"https:\/\/education.dhis2.org\/pt-pt\/wp-json\/wp\/v2\/pages\/20972\/revisions"}],"predecessor-version":[{"id":20985,"href":"https:\/\/education.dhis2.org\/pt-pt\/wp-json\/wp\/v2\/pages\/20972\/revisions\/20985"}],"up":[{"embeddable":true,"href":"https:\/\/education.dhis2.org\/pt-pt\/wp-json\/wp\/v2\/pages\/20982"}],"wp:featuredmedia":[{"embeddable":true,"href":"https:\/\/education.dhis2.org\/pt-pt\/wp-json\/wp\/v2\/media\/19673"}],"wp:attachment":[{"href":"https:\/\/education.dhis2.org\/pt-pt\/wp-json\/wp\/v2\/media?parent=20972"}],"curies":[{"name":"wp","href":"https:\/\/api.w.org\/{rel}","templated":true}]}}