 {"id":20977,"date":"2024-12-16T22:09:09","date_gmt":"2024-12-16T21:09:09","guid":{"rendered":"https:\/\/education.dhis2.org\/gestao-de-alunos-pessoal-e-escolas\/"},"modified":"2024-12-16T22:09:13","modified_gmt":"2024-12-16T21:09:13","slug":"student-staff-school","status":"publish","type":"page","link":"https:\/\/education.dhis2.org\/pt-pt\/solutions\/student-staff-school\/","title":{"rendered":"Gest\u00e3o de alunos, pessoal e escolas"},"content":{"rendered":"","protected":false},"excerpt":{"rendered":"<p class=\"lead\">O SEMIS ajuda os pa\u00edses a melhorar o planeamento e a presta\u00e7\u00e3o de servi\u00e7os de educa\u00e7\u00e3o com um conjunto de ferramentas especialmente concebidas para os dados dos alunos e do pessoal a n\u00edvel individual.<\/p>\n","protected":false},"author":1,"featured_media":19323,"parent":20982,"menu_order":0,"comment_status":"closed","ping_status":"closed","template":"","meta":{"_acf_changed":false,"inline_featured_image":false,"footnotes":""},"class_list":["post-20977","page","type-page","status-publish","has-post-thumbnail","hentry"],"acf":[],"yoast_head":"<!-- This site is optimized with the Yoast SEO plugin v27.2 - https:\/\/yoast.com\/product\/yoast-seo-wordpress\/ -->\n<title>Gest\u00e3o de alunos, pessoal e escolas - DHIS2<\/title>\n<meta name=\"description\" content=\"A SEMIS \u00e9 uma aplica\u00e7\u00e3o gratuita e de c\u00f3digo aberto para estudantes, funcion\u00e1rios e escolas, desenvolvida em colabora\u00e7\u00e3o com os Minist\u00e9rios da Educa\u00e7\u00e3o do hemisf\u00e9rio sul. Foi concebida com e para os pa\u00edses, a fim de cumprir os requisitos essenciais para a inscri\u00e7\u00e3o e gest\u00e3o de alunos e funcion\u00e1rios.\" \/>\n<meta name=\"robots\" content=\"index, follow, max-snippet:-1, max-image-preview:large, max-video-preview:-1\" \/>\n<link rel=\"canonical\" href=\"https:\/\/education.dhis2.org\/pt-pt\/solutions\/student-staff-school\/\" \/>\n<meta property=\"og:locale\" content=\"pt_PT\" \/>\n<meta property=\"og:type\" content=\"article\" \/>\n<meta property=\"og:title\" content=\"Gest\u00e3o de alunos, pessoal e escolas - DHIS2\" \/>\n<meta property=\"og:description\" content=\"A SEMIS \u00e9 uma aplica\u00e7\u00e3o gratuita e de c\u00f3digo aberto para estudantes, funcion\u00e1rios e escolas, desenvolvida em colabora\u00e7\u00e3o com os Minist\u00e9rios da Educa\u00e7\u00e3o do hemisf\u00e9rio sul. Foi concebida com e para os pa\u00edses, a fim de cumprir os requisitos essenciais para a inscri\u00e7\u00e3o e gest\u00e3o de alunos e funcion\u00e1rios.\" \/>\n<meta property=\"og:url\" content=\"https:\/\/education.dhis2.org\/pt-pt\/solutions\/student-staff-school\/\" \/>\n<meta property=\"og:site_name\" content=\"DHIS2\" \/>\n<meta property=\"article:modified_time\" content=\"2024-12-16T21:09:13+00:00\" \/>\n<meta property=\"og:image\" content=\"https:\/\/education.dhis2.org\/wp-content\/uploads\/SEMIS-comp-2-1280x989.png\" \/>\n\t<meta property=\"og:image:width\" content=\"1280\" \/>\n\t<meta property=\"og:image:height\" content=\"989\" \/>\n\t<meta property=\"og:image:type\" content=\"image\/png\" \/>\n<meta name=\"twitter:card\" content=\"summary_large_image\" \/>\n<script type=\"application\/ld+json\" class=\"yoast-schema-graph\">{\"@context\":\"https:\/\/schema.org\",\"@graph\":[{\"@type\":\"WebPage\",\"@id\":\"https:\/\/education.dhis2.org\/pt-pt\/solutions\/student-staff-school\/\",\"url\":\"https:\/\/education.dhis2.org\/pt-pt\/solutions\/student-staff-school\/\",\"name\":\"Gest\u00e3o de alunos, pessoal e escolas - DHIS2\",\"isPartOf\":{\"@id\":\"https:\/\/education.dhis2.org\/pt-pt\/#website\"},\"primaryImageOfPage\":{\"@id\":\"https:\/\/education.dhis2.org\/pt-pt\/solutions\/student-staff-school\/#primaryimage\"},\"image\":{\"@id\":\"https:\/\/education.dhis2.org\/pt-pt\/solutions\/student-staff-school\/#primaryimage\"},\"thumbnailUrl\":\"https:\/\/education.dhis2.org\/wp-content\/uploads\/SEMIS-comp-2.png\",\"datePublished\":\"2024-12-16T21:09:09+00:00\",\"dateModified\":\"2024-12-16T21:09:13+00:00\",\"description\":\"A SEMIS \u00e9 uma aplica\u00e7\u00e3o gratuita e de c\u00f3digo aberto para estudantes, funcion\u00e1rios e escolas, desenvolvida em colabora\u00e7\u00e3o com os Minist\u00e9rios da Educa\u00e7\u00e3o do hemisf\u00e9rio sul. Foi concebida com e para os pa\u00edses, a fim de cumprir os requisitos essenciais para a inscri\u00e7\u00e3o e gest\u00e3o de alunos e funcion\u00e1rios.\",\"breadcrumb\":{\"@id\":\"https:\/\/education.dhis2.org\/pt-pt\/solutions\/student-staff-school\/#breadcrumb\"},\"inLanguage\":\"pt-PT\",\"potentialAction\":[{\"@type\":\"ReadAction\",\"target\":[\"https:\/\/education.dhis2.org\/pt-pt\/solutions\/student-staff-school\/\"]}]},{\"@type\":\"ImageObject\",\"inLanguage\":\"pt-PT\",\"@id\":\"https:\/\/education.dhis2.org\/pt-pt\/solutions\/student-staff-school\/#primaryimage\",\"url\":\"https:\/\/education.dhis2.org\/wp-content\/uploads\/SEMIS-comp-2.png\",\"contentUrl\":\"https:\/\/education.dhis2.org\/wp-content\/uploads\/SEMIS-comp-2.png\",\"width\":3300,\"height\":2550},{\"@type\":\"BreadcrumbList\",\"@id\":\"https:\/\/education.dhis2.org\/pt-pt\/solutions\/student-staff-school\/#breadcrumb\",\"itemListElement\":[{\"@type\":\"ListItem\",\"position\":1,\"name\":\"Hjem\",\"item\":\"https:\/\/education.dhis2.org\/pt-pt\/\"},{\"@type\":\"ListItem\",\"position\":2,\"name\":\"Solu\u00e7\u00f5es\",\"item\":\"https:\/\/education.dhis2.org\/pt-pt\/solutions\/\"},{\"@type\":\"ListItem\",\"position\":3,\"name\":\"Gest\u00e3o de alunos, pessoal e escolas\"}]},{\"@type\":\"WebSite\",\"@id\":\"https:\/\/education.dhis2.org\/pt-pt\/#website\",\"url\":\"https:\/\/education.dhis2.org\/pt-pt\/\",\"name\":\"DHIS2\",\"description\":\"\",\"publisher\":{\"@id\":\"https:\/\/education.dhis2.org\/pt-pt\/#organization\"},\"potentialAction\":[{\"@type\":\"SearchAction\",\"target\":{\"@type\":\"EntryPoint\",\"urlTemplate\":\"https:\/\/education.dhis2.org\/pt-pt\/?s={search_term_string}\"},\"query-input\":{\"@type\":\"PropertyValueSpecification\",\"valueRequired\":true,\"valueName\":\"search_term_string\"}}],\"inLanguage\":\"pt-PT\"},{\"@type\":\"Organization\",\"@id\":\"https:\/\/education.dhis2.org\/pt-pt\/#organization\",\"name\":\"DHIS2\",\"url\":\"https:\/\/education.dhis2.org\/pt-pt\/\",\"logo\":{\"@type\":\"ImageObject\",\"inLanguage\":\"pt-PT\",\"@id\":\"https:\/\/education.dhis2.org\/pt-pt\/#\/schema\/logo\/image\/\",\"url\":\"https:\/\/education.dhis2.org\/wp-content\/uploads\/logo.svg\",\"contentUrl\":\"https:\/\/education.dhis2.org\/wp-content\/uploads\/logo.svg\",\"caption\":\"DHIS2\"},\"image\":{\"@id\":\"https:\/\/education.dhis2.org\/pt-pt\/#\/schema\/logo\/image\/\"}}]}<\/script>\n<!-- \/ Yoast SEO plugin. -->","yoast_head_json":{"title":"Gest\u00e3o de alunos, pessoal e escolas - DHIS2","description":"A SEMIS \u00e9 uma aplica\u00e7\u00e3o gratuita e de c\u00f3digo aberto para estudantes, funcion\u00e1rios e escolas, desenvolvida em colabora\u00e7\u00e3o com os Minist\u00e9rios da Educa\u00e7\u00e3o do hemisf\u00e9rio sul. Foi concebida com e para os pa\u00edses, a fim de cumprir os requisitos essenciais para a inscri\u00e7\u00e3o e gest\u00e3o de alunos e funcion\u00e1rios.","robots":{"index":"index","follow":"follow","max-snippet":"max-snippet:-1","max-image-preview":"max-image-preview:large","max-video-preview":"max-video-preview:-1"},"canonical":"https:\/\/education.dhis2.org\/pt-pt\/solutions\/student-staff-school\/","og_locale":"pt_PT","og_type":"article","og_title":"Gest\u00e3o de alunos, pessoal e escolas - DHIS2","og_description":"A SEMIS \u00e9 uma aplica\u00e7\u00e3o gratuita e de c\u00f3digo aberto para estudantes, funcion\u00e1rios e escolas, desenvolvida em colabora\u00e7\u00e3o com os Minist\u00e9rios da Educa\u00e7\u00e3o do hemisf\u00e9rio sul. Foi concebida com e para os pa\u00edses, a fim de cumprir os requisitos essenciais para a inscri\u00e7\u00e3o e gest\u00e3o de alunos e funcion\u00e1rios.","og_url":"https:\/\/education.dhis2.org\/pt-pt\/solutions\/student-staff-school\/","og_site_name":"DHIS2","article_modified_time":"2024-12-16T21:09:13+00:00","og_image":[{"width":1280,"height":989,"url":"https:\/\/education.dhis2.org\/wp-content\/uploads\/SEMIS-comp-2-1280x989.png","type":"image\/png"}],"twitter_card":"summary_large_image","schema":{"@context":"https:\/\/schema.org","@graph":[{"@type":"WebPage","@id":"https:\/\/education.dhis2.org\/pt-pt\/solutions\/student-staff-school\/","url":"https:\/\/education.dhis2.org\/pt-pt\/solutions\/student-staff-school\/","name":"Gest\u00e3o de alunos, pessoal e escolas - DHIS2","isPartOf":{"@id":"https:\/\/education.dhis2.org\/pt-pt\/#website"},"primaryImageOfPage":{"@id":"https:\/\/education.dhis2.org\/pt-pt\/solutions\/student-staff-school\/#primaryimage"},"image":{"@id":"https:\/\/education.dhis2.org\/pt-pt\/solutions\/student-staff-school\/#primaryimage"},"thumbnailUrl":"https:\/\/education.dhis2.org\/wp-content\/uploads\/SEMIS-comp-2.png","datePublished":"2024-12-16T21:09:09+00:00","dateModified":"2024-12-16T21:09:13+00:00","description":"A SEMIS \u00e9 uma aplica\u00e7\u00e3o gratuita e de c\u00f3digo aberto para estudantes, funcion\u00e1rios e escolas, desenvolvida em colabora\u00e7\u00e3o com os Minist\u00e9rios da Educa\u00e7\u00e3o do hemisf\u00e9rio sul. Foi concebida com e para os pa\u00edses, a fim de cumprir os requisitos essenciais para a inscri\u00e7\u00e3o e gest\u00e3o de alunos e funcion\u00e1rios.","breadcrumb":{"@id":"https:\/\/education.dhis2.org\/pt-pt\/solutions\/student-staff-school\/#breadcrumb"},"inLanguage":"pt-PT","potentialAction":[{"@type":"ReadAction","target":["https:\/\/education.dhis2.org\/pt-pt\/solutions\/student-staff-school\/"]}]},{"@type":"ImageObject","inLanguage":"pt-PT","@id":"https:\/\/education.dhis2.org\/pt-pt\/solutions\/student-staff-school\/#primaryimage","url":"https:\/\/education.dhis2.org\/wp-content\/uploads\/SEMIS-comp-2.png","contentUrl":"https:\/\/education.dhis2.org\/wp-content\/uploads\/SEMIS-comp-2.png","width":3300,"height":2550},{"@type":"BreadcrumbList","@id":"https:\/\/education.dhis2.org\/pt-pt\/solutions\/student-staff-school\/#breadcrumb","itemListElement":[{"@type":"ListItem","position":1,"name":"Hjem","item":"https:\/\/education.dhis2.org\/pt-pt\/"},{"@type":"ListItem","position":2,"name":"Solu\u00e7\u00f5es","item":"https:\/\/education.dhis2.org\/pt-pt\/solutions\/"},{"@type":"ListItem","position":3,"name":"Gest\u00e3o de alunos, pessoal e escolas"}]},{"@type":"WebSite","@id":"https:\/\/education.dhis2.org\/pt-pt\/#website","url":"https:\/\/education.dhis2.org\/pt-pt\/","name":"DHIS2","description":"","publisher":{"@id":"https:\/\/education.dhis2.org\/pt-pt\/#organization"},"potentialAction":[{"@type":"SearchAction","target":{"@type":"EntryPoint","urlTemplate":"https:\/\/education.dhis2.org\/pt-pt\/?s={search_term_string}"},"query-input":{"@type":"PropertyValueSpecification","valueRequired":true,"valueName":"search_term_string"}}],"inLanguage":"pt-PT"},{"@type":"Organization","@id":"https:\/\/education.dhis2.org\/pt-pt\/#organization","name":"DHIS2","url":"https:\/\/education.dhis2.org\/pt-pt\/","logo":{"@type":"ImageObject","inLanguage":"pt-PT","@id":"https:\/\/education.dhis2.org\/pt-pt\/#\/schema\/logo\/image\/","url":"https:\/\/education.dhis2.org\/wp-content\/uploads\/logo.svg","contentUrl":"https:\/\/education.dhis2.org\/wp-content\/uploads\/logo.svg","caption":"DHIS2"},"image":{"@id":"https:\/\/education.dhis2.org\/pt-pt\/#\/schema\/logo\/image\/"}}]}},"_links":{"self":[{"href":"https:\/\/education.dhis2.org\/pt-pt\/wp-json\/wp\/v2\/pages\/20977","targetHints":{"allow":["GET"]}}],"collection":[{"href":"https:\/\/education.dhis2.org\/pt-pt\/wp-json\/wp\/v2\/pages"}],"about":[{"href":"https:\/\/education.dhis2.org\/pt-pt\/wp-json\/wp\/v2\/types\/page"}],"author":[{"embeddable":true,"href":"https:\/\/education.dhis2.org\/pt-pt\/wp-json\/wp\/v2\/users\/1"}],"replies":[{"embeddable":true,"href":"https:\/\/education.dhis2.org\/pt-pt\/wp-json\/wp\/v2\/comments?post=20977"}],"version-history":[{"count":1,"href":"https:\/\/education.dhis2.org\/pt-pt\/wp-json\/wp\/v2\/pages\/20977\/revisions"}],"predecessor-version":[{"id":20983,"href":"https:\/\/education.dhis2.org\/pt-pt\/wp-json\/wp\/v2\/pages\/20977\/revisions\/20983"}],"up":[{"embeddable":true,"href":"https:\/\/education.dhis2.org\/pt-pt\/wp-json\/wp\/v2\/pages\/20982"}],"wp:featuredmedia":[{"embeddable":true,"href":"https:\/\/education.dhis2.org\/pt-pt\/wp-json\/wp\/v2\/media\/19323"}],"wp:attachment":[{"href":"https:\/\/education.dhis2.org\/pt-pt\/wp-json\/wp\/v2\/media?parent=20977"}],"curies":[{"name":"wp","href":"https:\/\/api.w.org\/{rel}","templated":true}]}}