 {"id":20982,"date":"2024-12-16T22:09:13","date_gmt":"2024-12-16T21:09:13","guid":{"rendered":"https:\/\/education.dhis2.org\/solucoes\/"},"modified":"2024-12-16T22:09:13","modified_gmt":"2024-12-16T21:09:13","slug":"solutions","status":"publish","type":"page","link":"https:\/\/education.dhis2.org\/pt-pt\/solutions\/","title":{"rendered":"Solu\u00e7\u00f5es"},"content":{"rendered":"","protected":false},"excerpt":{"rendered":"<p class=\"lead\">O DHIS2 \u00e9 uma plataforma totalmente personaliz\u00e1vel que pode ser adaptada para satisfazer as necessidades de uma variedade de casos de utiliza\u00e7\u00e3o no sector da Educa\u00e7\u00e3o. Saiba mais sobre as ferramentas, funcionalidades, casos de utiliza\u00e7\u00e3o e muito mais do DHIS2 for Education.   <\/p>\n","protected":false},"author":18,"featured_media":19658,"parent":0,"menu_order":0,"comment_status":"closed","ping_status":"closed","template":"","meta":{"_acf_changed":false,"inline_featured_image":false,"footnotes":""},"class_list":["post-20982","page","type-page","status-publish","has-post-thumbnail","hentry"],"acf":[],"yoast_head":"<!-- This site is optimized with the Yoast SEO plugin v27.2 - https:\/\/yoast.com\/product\/yoast-seo-wordpress\/ -->\n<title>Solu\u00e7\u00f5es - DHIS2<\/title>\n<meta name=\"description\" content=\"O DHIS2 \u00e9 uma plataforma totalmente personaliz\u00e1vel que pode ser adaptada para satisfazer as necessidades de uma variedade de casos de utiliza\u00e7\u00e3o no sector da Educa\u00e7\u00e3o. Saiba mais sobre as ferramentas, funcionalidades, casos de utiliza\u00e7\u00e3o e muito mais do DHIS2 for Education.\" \/>\n<meta name=\"robots\" content=\"index, follow, max-snippet:-1, max-image-preview:large, max-video-preview:-1\" \/>\n<link rel=\"canonical\" href=\"https:\/\/education.dhis2.org\/pt-pt\/solutions\/\" \/>\n<meta property=\"og:locale\" content=\"pt_PT\" \/>\n<meta property=\"og:type\" content=\"article\" \/>\n<meta property=\"og:title\" content=\"Solu\u00e7\u00f5es - DHIS2\" \/>\n<meta property=\"og:description\" content=\"O DHIS2 \u00e9 uma plataforma totalmente personaliz\u00e1vel que pode ser adaptada para satisfazer as necessidades de uma variedade de casos de utiliza\u00e7\u00e3o no sector da Educa\u00e7\u00e3o. Saiba mais sobre as ferramentas, funcionalidades, casos de utiliza\u00e7\u00e3o e muito mais do DHIS2 for Education.\" \/>\n<meta property=\"og:url\" content=\"https:\/\/education.dhis2.org\/pt-pt\/solutions\/\" \/>\n<meta property=\"og:site_name\" content=\"DHIS2\" \/>\n<meta property=\"og:image\" content=\"https:\/\/education.dhis2.org\/wp-content\/uploads\/Education-toolkit-card.png\" \/>\n\t<meta property=\"og:image:width\" content=\"2048\" \/>\n\t<meta property=\"og:image:height\" content=\"1448\" \/>\n\t<meta property=\"og:image:type\" content=\"image\/png\" \/>\n<meta name=\"twitter:card\" content=\"summary_large_image\" \/>\n<script type=\"application\/ld+json\" class=\"yoast-schema-graph\">{\"@context\":\"https:\/\/schema.org\",\"@graph\":[{\"@type\":\"WebPage\",\"@id\":\"https:\/\/education.dhis2.org\/pt-pt\/solutions\/\",\"url\":\"https:\/\/education.dhis2.org\/pt-pt\/solutions\/\",\"name\":\"Solu\u00e7\u00f5es - DHIS2\",\"isPartOf\":{\"@id\":\"https:\/\/education.dhis2.org\/pt-pt\/#website\"},\"primaryImageOfPage\":{\"@id\":\"https:\/\/education.dhis2.org\/pt-pt\/solutions\/#primaryimage\"},\"image\":{\"@id\":\"https:\/\/education.dhis2.org\/pt-pt\/solutions\/#primaryimage\"},\"thumbnailUrl\":\"https:\/\/education.dhis2.org\/wp-content\/uploads\/Education-toolkit-card.png\",\"datePublished\":\"2024-12-16T21:09:13+00:00\",\"description\":\"O DHIS2 \u00e9 uma plataforma totalmente personaliz\u00e1vel que pode ser adaptada para satisfazer as necessidades de uma variedade de casos de utiliza\u00e7\u00e3o no sector da Educa\u00e7\u00e3o. Saiba mais sobre as ferramentas, funcionalidades, casos de utiliza\u00e7\u00e3o e muito mais do DHIS2 for Education.\",\"breadcrumb\":{\"@id\":\"https:\/\/education.dhis2.org\/pt-pt\/solutions\/#breadcrumb\"},\"inLanguage\":\"pt-PT\",\"potentialAction\":[{\"@type\":\"ReadAction\",\"target\":[\"https:\/\/education.dhis2.org\/pt-pt\/solutions\/\"]}]},{\"@type\":\"ImageObject\",\"inLanguage\":\"pt-PT\",\"@id\":\"https:\/\/education.dhis2.org\/pt-pt\/solutions\/#primaryimage\",\"url\":\"https:\/\/education.dhis2.org\/wp-content\/uploads\/Education-toolkit-card.png\",\"contentUrl\":\"https:\/\/education.dhis2.org\/wp-content\/uploads\/Education-toolkit-card.png\",\"width\":2048,\"height\":1448},{\"@type\":\"BreadcrumbList\",\"@id\":\"https:\/\/education.dhis2.org\/pt-pt\/solutions\/#breadcrumb\",\"itemListElement\":[{\"@type\":\"ListItem\",\"position\":1,\"name\":\"Hjem\",\"item\":\"https:\/\/education.dhis2.org\/pt-pt\/\"},{\"@type\":\"ListItem\",\"position\":2,\"name\":\"Solu\u00e7\u00f5es\"}]},{\"@type\":\"WebSite\",\"@id\":\"https:\/\/education.dhis2.org\/pt-pt\/#website\",\"url\":\"https:\/\/education.dhis2.org\/pt-pt\/\",\"name\":\"DHIS2\",\"description\":\"\",\"publisher\":{\"@id\":\"https:\/\/education.dhis2.org\/pt-pt\/#organization\"},\"potentialAction\":[{\"@type\":\"SearchAction\",\"target\":{\"@type\":\"EntryPoint\",\"urlTemplate\":\"https:\/\/education.dhis2.org\/pt-pt\/?s={search_term_string}\"},\"query-input\":{\"@type\":\"PropertyValueSpecification\",\"valueRequired\":true,\"valueName\":\"search_term_string\"}}],\"inLanguage\":\"pt-PT\"},{\"@type\":\"Organization\",\"@id\":\"https:\/\/education.dhis2.org\/pt-pt\/#organization\",\"name\":\"DHIS2\",\"url\":\"https:\/\/education.dhis2.org\/pt-pt\/\",\"logo\":{\"@type\":\"ImageObject\",\"inLanguage\":\"pt-PT\",\"@id\":\"https:\/\/education.dhis2.org\/pt-pt\/#\/schema\/logo\/image\/\",\"url\":\"https:\/\/education.dhis2.org\/wp-content\/uploads\/logo.svg\",\"contentUrl\":\"https:\/\/education.dhis2.org\/wp-content\/uploads\/logo.svg\",\"caption\":\"DHIS2\"},\"image\":{\"@id\":\"https:\/\/education.dhis2.org\/pt-pt\/#\/schema\/logo\/image\/\"}}]}<\/script>\n<!-- \/ Yoast SEO plugin. -->","yoast_head_json":{"title":"Solu\u00e7\u00f5es - DHIS2","description":"O DHIS2 \u00e9 uma plataforma totalmente personaliz\u00e1vel que pode ser adaptada para satisfazer as necessidades de uma variedade de casos de utiliza\u00e7\u00e3o no sector da Educa\u00e7\u00e3o. Saiba mais sobre as ferramentas, funcionalidades, casos de utiliza\u00e7\u00e3o e muito mais do DHIS2 for Education.","robots":{"index":"index","follow":"follow","max-snippet":"max-snippet:-1","max-image-preview":"max-image-preview:large","max-video-preview":"max-video-preview:-1"},"canonical":"https:\/\/education.dhis2.org\/pt-pt\/solutions\/","og_locale":"pt_PT","og_type":"article","og_title":"Solu\u00e7\u00f5es - DHIS2","og_description":"O DHIS2 \u00e9 uma plataforma totalmente personaliz\u00e1vel que pode ser adaptada para satisfazer as necessidades de uma variedade de casos de utiliza\u00e7\u00e3o no sector da Educa\u00e7\u00e3o. Saiba mais sobre as ferramentas, funcionalidades, casos de utiliza\u00e7\u00e3o e muito mais do DHIS2 for Education.","og_url":"https:\/\/education.dhis2.org\/pt-pt\/solutions\/","og_site_name":"DHIS2","og_image":[{"width":2048,"height":1448,"url":"https:\/\/education.dhis2.org\/wp-content\/uploads\/Education-toolkit-card.png","type":"image\/png"}],"twitter_card":"summary_large_image","schema":{"@context":"https:\/\/schema.org","@graph":[{"@type":"WebPage","@id":"https:\/\/education.dhis2.org\/pt-pt\/solutions\/","url":"https:\/\/education.dhis2.org\/pt-pt\/solutions\/","name":"Solu\u00e7\u00f5es - DHIS2","isPartOf":{"@id":"https:\/\/education.dhis2.org\/pt-pt\/#website"},"primaryImageOfPage":{"@id":"https:\/\/education.dhis2.org\/pt-pt\/solutions\/#primaryimage"},"image":{"@id":"https:\/\/education.dhis2.org\/pt-pt\/solutions\/#primaryimage"},"thumbnailUrl":"https:\/\/education.dhis2.org\/wp-content\/uploads\/Education-toolkit-card.png","datePublished":"2024-12-16T21:09:13+00:00","description":"O DHIS2 \u00e9 uma plataforma totalmente personaliz\u00e1vel que pode ser adaptada para satisfazer as necessidades de uma variedade de casos de utiliza\u00e7\u00e3o no sector da Educa\u00e7\u00e3o. Saiba mais sobre as ferramentas, funcionalidades, casos de utiliza\u00e7\u00e3o e muito mais do DHIS2 for Education.","breadcrumb":{"@id":"https:\/\/education.dhis2.org\/pt-pt\/solutions\/#breadcrumb"},"inLanguage":"pt-PT","potentialAction":[{"@type":"ReadAction","target":["https:\/\/education.dhis2.org\/pt-pt\/solutions\/"]}]},{"@type":"ImageObject","inLanguage":"pt-PT","@id":"https:\/\/education.dhis2.org\/pt-pt\/solutions\/#primaryimage","url":"https:\/\/education.dhis2.org\/wp-content\/uploads\/Education-toolkit-card.png","contentUrl":"https:\/\/education.dhis2.org\/wp-content\/uploads\/Education-toolkit-card.png","width":2048,"height":1448},{"@type":"BreadcrumbList","@id":"https:\/\/education.dhis2.org\/pt-pt\/solutions\/#breadcrumb","itemListElement":[{"@type":"ListItem","position":1,"name":"Hjem","item":"https:\/\/education.dhis2.org\/pt-pt\/"},{"@type":"ListItem","position":2,"name":"Solu\u00e7\u00f5es"}]},{"@type":"WebSite","@id":"https:\/\/education.dhis2.org\/pt-pt\/#website","url":"https:\/\/education.dhis2.org\/pt-pt\/","name":"DHIS2","description":"","publisher":{"@id":"https:\/\/education.dhis2.org\/pt-pt\/#organization"},"potentialAction":[{"@type":"SearchAction","target":{"@type":"EntryPoint","urlTemplate":"https:\/\/education.dhis2.org\/pt-pt\/?s={search_term_string}"},"query-input":{"@type":"PropertyValueSpecification","valueRequired":true,"valueName":"search_term_string"}}],"inLanguage":"pt-PT"},{"@type":"Organization","@id":"https:\/\/education.dhis2.org\/pt-pt\/#organization","name":"DHIS2","url":"https:\/\/education.dhis2.org\/pt-pt\/","logo":{"@type":"ImageObject","inLanguage":"pt-PT","@id":"https:\/\/education.dhis2.org\/pt-pt\/#\/schema\/logo\/image\/","url":"https:\/\/education.dhis2.org\/wp-content\/uploads\/logo.svg","contentUrl":"https:\/\/education.dhis2.org\/wp-content\/uploads\/logo.svg","caption":"DHIS2"},"image":{"@id":"https:\/\/education.dhis2.org\/pt-pt\/#\/schema\/logo\/image\/"}}]}},"_links":{"self":[{"href":"https:\/\/education.dhis2.org\/pt-pt\/wp-json\/wp\/v2\/pages\/20982","targetHints":{"allow":["GET"]}}],"collection":[{"href":"https:\/\/education.dhis2.org\/pt-pt\/wp-json\/wp\/v2\/pages"}],"about":[{"href":"https:\/\/education.dhis2.org\/pt-pt\/wp-json\/wp\/v2\/types\/page"}],"author":[{"embeddable":true,"href":"https:\/\/education.dhis2.org\/pt-pt\/wp-json\/wp\/v2\/users\/18"}],"replies":[{"embeddable":true,"href":"https:\/\/education.dhis2.org\/pt-pt\/wp-json\/wp\/v2\/comments?post=20982"}],"version-history":[{"count":0,"href":"https:\/\/education.dhis2.org\/pt-pt\/wp-json\/wp\/v2\/pages\/20982\/revisions"}],"wp:featuredmedia":[{"embeddable":true,"href":"https:\/\/education.dhis2.org\/pt-pt\/wp-json\/wp\/v2\/media\/19658"}],"wp:attachment":[{"href":"https:\/\/education.dhis2.org\/pt-pt\/wp-json\/wp\/v2\/media?parent=20982"}],"curies":[{"name":"wp","href":"https:\/\/api.w.org\/{rel}","templated":true}]}}